{"id":3386,"date":"2022-12-02T15:28:58","date_gmt":"2022-12-02T15:28:58","guid":{"rendered":"http:\/\/moduloccanada.jkmprojects.com\/?page_id=3386"},"modified":"2023-01-30T20:47:27","modified_gmt":"2023-01-30T20:47:27","slug":"demander-une-soumission","status":"publish","type":"page","link":"http:\/\/moduloccanada.jkmprojects.com\/fr\/demander-une-soumission\/","title":{"rendered":"Demander une soumission"},"content":{"rendered":"<div class=\"cont-holder\">\n<div class=\"gutter\">\n<h2 style=\"text-align: center;\">A la recherche d\u2019un tarif\u00a0?<\/h2>\n<p class=\"p1\" style=\"text-align: center;\">Vous \u00eates au bon endroit. Consultez les options ci-dessous pour commencer. Vous n&rsquo;avez pas encore tous les d\u00e9tails ? Aucun souci. Vous pouvez nous contacter en utilisant notre <a href=\"\/fr\/contactez-nous\/\">formulaire de contact<\/a>. Un membre de notre \u00e9quipe se fera un plaisir de vous aider.<\/p>\n<\/div>\n<\/div>\n","protected":false},"excerpt":{"rendered":"A la recherche d\u2019un tarif\u00a0? Vous \u00eates au bon endroit. Consultez les options ci-dessous pour commencer. Vous n&rsquo;avez pas encore tous les d\u00e9tails ? Aucun souci. Vous pouvez nous contacter en utilisant notre formulaire de contact. Un membre de notre \u00e9quipe se fera un plaisir de vous aider.","protected":false},"author":1,"featured_media":0,"parent":0,"menu_order":0,"comment_status":"closed","ping_status":"closed","template":"page-requestaquote.php","meta":{"inline_featured_image":false,"footnotes":""},"categories":[],"acf":[],"yoast_head":"<!-- This site is optimized with the Yoast SEO plugin v21.1 - https:\/\/yoast.com\/wordpress\/plugins\/seo\/ -->\n<title>Demander une soumission - Moduloc Canada<\/title>\n<meta name=\"robots\" content=\"noindex, follow, max-snippet:-1, max-image-preview:large, max-video-preview:-1\" \/>\n<meta property=\"og:locale\" content=\"fr_CA\" \/>\n<meta property=\"og:type\" content=\"article\" \/>\n<meta property=\"og:title\" content=\"Demander une soumission - Moduloc Canada\" \/>\n<meta property=\"og:description\" content=\"A la recherche d\u2019un tarif\u00a0? Vous \u00eates au bon endroit. Consultez les options ci-dessous pour commencer. Vous n&rsquo;avez pas encore tous les d\u00e9tails ? Aucun souci. Vous pouvez nous contacter en utilisant notre formulaire de contact. Un membre de notre \u00e9quipe se fera un plaisir de vous aider.\" \/>\n<meta property=\"og:url\" content=\"http:\/\/moduloccanada.jkmprojects.com\/fr\/demander-une-soumission\/\" \/>\n<meta property=\"og:site_name\" content=\"Moduloc Canada\" \/>\n<meta property=\"article:modified_time\" content=\"2023-01-30T20:47:27+00:00\" \/>\n<meta name=\"twitter:card\" content=\"summary_large_image\" \/>\n<meta name=\"twitter:label1\" content=\"Estimation du temps de lecture\" \/>\n\t<meta name=\"twitter:data1\" content=\"1 minute\" \/>\n<script type=\"application\/ld+json\" class=\"yoast-schema-graph\">{\"@context\":\"https:\/\/schema.org\",\"@graph\":[{\"@type\":\"WebPage\",\"@id\":\"http:\/\/moduloccanada.jkmprojects.com\/fr\/demander-une-soumission\/\",\"url\":\"http:\/\/moduloccanada.jkmprojects.com\/fr\/demander-une-soumission\/\",\"name\":\"Demander une soumission - Moduloc Canada\",\"isPartOf\":{\"@id\":\"http:\/\/moduloccanada.jkmprojects.com\/#website\"},\"datePublished\":\"2022-12-02T15:28:58+00:00\",\"dateModified\":\"2023-01-30T20:47:27+00:00\",\"breadcrumb\":{\"@id\":\"http:\/\/moduloccanada.jkmprojects.com\/fr\/demander-une-soumission\/#breadcrumb\"},\"inLanguage\":\"fr-CA\",\"potentialAction\":[{\"@type\":\"ReadAction\",\"target\":[\"http:\/\/moduloccanada.jkmprojects.com\/fr\/demander-une-soumission\/\"]}]},{\"@type\":\"BreadcrumbList\",\"@id\":\"http:\/\/moduloccanada.jkmprojects.com\/fr\/demander-une-soumission\/#breadcrumb\",\"itemListElement\":[{\"@type\":\"ListItem\",\"position\":1,\"name\":\"Home\",\"item\":\"http:\/\/moduloccanada.jkmprojects.com\/fr\/\"},{\"@type\":\"ListItem\",\"position\":2,\"name\":\"Demander une soumission\"}]},{\"@type\":\"WebSite\",\"@id\":\"http:\/\/moduloccanada.jkmprojects.com\/#website\",\"url\":\"http:\/\/moduloccanada.jkmprojects.com\/\",\"name\":\"Moduloc Canada\",\"description\":\"Just another Moduloc Sites site\",\"potentialAction\":[{\"@type\":\"SearchAction\",\"target\":{\"@type\":\"EntryPoint\",\"urlTemplate\":\"http:\/\/moduloccanada.jkmprojects.com\/?s={search_term_string}\"},\"query-input\":\"required name=search_term_string\"}],\"inLanguage\":\"fr-CA\"}]}<\/script>\n<!-- \/ Yoast SEO plugin. -->","yoast_head_json":{"title":"Demander une soumission - Moduloc Canada","robots":{"index":"noindex","follow":"follow","max-snippet":"max-snippet:-1","max-image-preview":"max-image-preview:large","max-video-preview":"max-video-preview:-1"},"og_locale":"fr_CA","og_type":"article","og_title":"Demander une soumission - Moduloc Canada","og_description":"A la recherche d\u2019un tarif\u00a0? Vous \u00eates au bon endroit. Consultez les options ci-dessous pour commencer. Vous n&rsquo;avez pas encore tous les d\u00e9tails ? Aucun souci. Vous pouvez nous contacter en utilisant notre formulaire de contact. Un membre de notre \u00e9quipe se fera un plaisir de vous aider.","og_url":"http:\/\/moduloccanada.jkmprojects.com\/fr\/demander-une-soumission\/","og_site_name":"Moduloc Canada","article_modified_time":"2023-01-30T20:47:27+00:00","twitter_card":"summary_large_image","twitter_misc":{"Estimation du temps de lecture":"1 minute"},"schema":{"@context":"https:\/\/schema.org","@graph":[{"@type":"WebPage","@id":"http:\/\/moduloccanada.jkmprojects.com\/fr\/demander-une-soumission\/","url":"http:\/\/moduloccanada.jkmprojects.com\/fr\/demander-une-soumission\/","name":"Demander une soumission - Moduloc Canada","isPartOf":{"@id":"http:\/\/moduloccanada.jkmprojects.com\/#website"},"datePublished":"2022-12-02T15:28:58+00:00","dateModified":"2023-01-30T20:47:27+00:00","breadcrumb":{"@id":"http:\/\/moduloccanada.jkmprojects.com\/fr\/demander-une-soumission\/#breadcrumb"},"inLanguage":"fr-CA","potentialAction":[{"@type":"ReadAction","target":["http:\/\/moduloccanada.jkmprojects.com\/fr\/demander-une-soumission\/"]}]},{"@type":"BreadcrumbList","@id":"http:\/\/moduloccanada.jkmprojects.com\/fr\/demander-une-soumission\/#breadcrumb","itemListElement":[{"@type":"ListItem","position":1,"name":"Home","item":"http:\/\/moduloccanada.jkmprojects.com\/fr\/"},{"@type":"ListItem","position":2,"name":"Demander une soumission"}]},{"@type":"WebSite","@id":"http:\/\/moduloccanada.jkmprojects.com\/#website","url":"http:\/\/moduloccanada.jkmprojects.com\/","name":"Moduloc Canada","description":"Just another Moduloc Sites site","potentialAction":[{"@type":"SearchAction","target":{"@type":"EntryPoint","urlTemplate":"http:\/\/moduloccanada.jkmprojects.com\/?s={search_term_string}"},"query-input":"required name=search_term_string"}],"inLanguage":"fr-CA"}]}},"_links":{"self":[{"href":"http:\/\/moduloccanada.jkmprojects.com\/fr\/wp-json\/wp\/v2\/pages\/3386"}],"collection":[{"href":"http:\/\/moduloccanada.jkmprojects.com\/fr\/wp-json\/wp\/v2\/pages"}],"about":[{"href":"http:\/\/moduloccanada.jkmprojects.com\/fr\/wp-json\/wp\/v2\/types\/page"}],"author":[{"embeddable":true,"href":"http:\/\/moduloccanada.jkmprojects.com\/fr\/wp-json\/wp\/v2\/users\/1"}],"replies":[{"embeddable":true,"href":"http:\/\/moduloccanada.jkmprojects.com\/fr\/wp-json\/wp\/v2\/comments?post=3386"}],"version-history":[{"count":6,"href":"http:\/\/moduloccanada.jkmprojects.com\/fr\/wp-json\/wp\/v2\/pages\/3386\/revisions"}],"predecessor-version":[{"id":3400,"href":"http:\/\/moduloccanada.jkmprojects.com\/fr\/wp-json\/wp\/v2\/pages\/3386\/revisions\/3400"}],"wp:attachment":[{"href":"http:\/\/moduloccanada.jkmprojects.com\/fr\/wp-json\/wp\/v2\/media?parent=3386"}],"wp:term":[{"taxonomy":"category","embeddable":true,"href":"http:\/\/moduloccanada.jkmprojects.com\/fr\/wp-json\/wp\/v2\/categories?post=3386"}],"curies":[{"name":"wp","href":"https:\/\/api.w.org\/{rel}","templated":true}]}}