{"id":2704,"date":"2021-02-08T16:48:15","date_gmt":"2021-02-08T16:48:15","guid":{"rendered":"http:\/\/moduloccanada.jkmprojects.com\/?page_id=2704"},"modified":"2021-03-22T15:17:02","modified_gmt":"2021-03-22T15:17:02","slug":"panneaux-compacts","status":"publish","type":"page","link":"http:\/\/moduloccanada.jkmprojects.com\/fr\/panneaux-compacts\/","title":{"rendered":"La cl\u00f4ture facile \u00e0 transporter"},"content":{"rendered":"<section class=\"full-bleed shoutbox\">\n<div>\n<p>Les panneaux compacts sont le moyen le plus rapide et le plus pratique de s\u00e9curiser les petits chantiers.<\/p>\n<p><a href=\"#\" class=\"showcontactmodal\"><\/p>\n<div class=\"btn btn-white\" role=\"button\">VOIR LA VID\u00c9O <span class=\"fa fa-caret-right\"><\/span><\/div>\n<p><\/a>\n<\/div>\n<\/section>\n<section id=\"halfpage\">\n<div class=\"halfpage__container halfpage-right\">\n<div class=\"column\">\n<div class=\"grid\"><img decoding=\"async\" src=\"\/wp-content\/uploads\/sites\/2\/2020\/08\/grid.png\"><\/div>\n<div class=\"grid\"><img decoding=\"async\" src=\"\/wp-content\/uploads\/sites\/2\/2020\/08\/grid.png\"><\/div>\n<div class=\"image\"><img decoding=\"async\" src=\"\/wp-content\/uploads\/sites\/2\/2021\/03\/truck-with-panels.png\" alt=\"\" class=\"img-fluid\"><\/div>\n<\/div>\n<div class=\"column\">\n<h2>Accessibles \u00e0 tout moment<\/h2>\n<p>Ces panneaux de cl\u00f4ture temporaires sont con\u00e7us pour \u00eatre install\u00e9s, d\u00e9plac\u00e9s et d\u00e9mont\u00e9s rapidement et facilement &#8211; et pour s&rsquo;adapter \u00e0 la plupart des fourgonnettes et camions utilitaires. Lorsqu&rsquo;ils ne sont pas utilis\u00e9s, il suffit de les ranger et ce sans prendre trop d&rsquo;espace de rangement<\/p>\n<div class=\"halfpage__button\"><a href=\"#em-quote-container\">CONTACTEZ NOUS <span class=\"fa fa-caret-right\"><\/span><\/a><\/div>\n<\/div>\n<\/div>\n<\/section>\n<section id=\"pod\">\n<div class=\"pod__container\">\n<div class=\"pod__item row\">\n<div class=\"col-3 em-icon\">\n<div class=\"icon\"><img decoding=\"async\" src=\"\/wp-content\/uploads\/sites\/2\/2020\/08\/repeat.png\"><\/div>\n<\/div>\n<div class=\"col-9 em-text\">\n<div class=\"title\">Installez. D\u00e9placez. Enlevez. R\u00e9p\u00e9tez.<\/div>\n<div class=\"text\">Rapide et simple \u00e0 installer et \u00e0 d\u00e9monter, m\u00eame si vous \u00eates seul.<\/div>\n<\/div>\n<\/div>\n<div class=\"pod__item row\">\n<div class=\"col-3 em-icon\">\n<div class=\"icon\"><img decoding=\"async\" src=\"\/wp-content\/uploads\/sites\/2\/2020\/08\/mighty.png\"><\/div>\n<\/div>\n<div class=\"col-9 em-text\">\n<div class=\"title\">Petite, mais performante <\/div>\n<div class=\"text\">Plus solide et plus durable que d&rsquo;autres options l\u00e9g\u00e8res.<\/div>\n<\/div>\n<\/div>\n<div class=\"pod__item row\">\n<div class=\"col-3 em-icon\">\n<div class=\"icon\"><img decoding=\"async\" src=\"\/wp-content\/uploads\/sites\/2\/2020\/08\/convenient.png\"><\/div>\n<\/div>\n<div class=\"col-9 em-text\">\n<div class=\"title\">Solution pratique de 1,2 m de large <\/div>\n<div class=\"text\">Con\u00e7ue pour \u00eatre transport\u00e9e dans votre camion et n\u00e9cessite un espace d&rsquo;entreposage minime. <\/div>\n<\/div>\n<\/div>\n<div class=\"pod__item row\">\n<div class=\"col-3 em-icon\">\n<div class=\"icon\"><img decoding=\"async\" src=\"\/wp-content\/uploads\/sites\/2\/2020\/08\/fees.png\"><\/div>\n<\/div>\n<div class=\"col-9 em-text\">\n<div class=\"title\">Ne payez pas de frais suppl\u00e9mentaires <\/div>\n<div class=\"text\">Ramassez et installez vous-m\u00eame la cl\u00f4ture afin d&rsquo;\u00e9viter les frais de livraison et d&rsquo;installation.<\/div>\n<\/div>\n<\/div>\n<\/div>\n<\/section>\n<section id=\"halfpagespecs\">\n<div class=\"halfpage__container halfpage-left\">\n<div class=\"column\">\n<div class=\"grid\"><img decoding=\"async\" src=\"\/wp-content\/uploads\/sites\/2\/2020\/08\/grid.png\"><\/div>\n<div class=\"grid\"><img decoding=\"async\" src=\"\/wp-content\/uploads\/sites\/2\/2020\/08\/grid.png\"><\/div>\n<div class=\"image\"><img decoding=\"async\" src=\"\/wp-content\/uploads\/sites\/2\/2021\/03\/lightweight-panels.png\" alt=\"\" class=\"img-fluid\"><\/div>\n<\/div>\n<div class=\"column\">\n<h2>D\u00e9tails et sp\u00e9cifications : L\u00e9gers et polyvalents <\/h2>\n<div class=\"twocolumn\">\n<div class=\"\">\n<p><strong>Dimensions :<\/strong><br \/>1,83 m de haut x 1,2 m de large<span class=\"halfpage__divider\"><\/span><strong>Poids:<\/strong><br \/> Environ 11,3 kg.<span class=\"halfpage__divider\"><\/span><strong>Mat\u00e9riau :<\/strong><br \/>Fabriqu\u00e9 au acier peint par poudrage ou acier galvanis\u00e9<br \/>(selon disponibilit\u00e9 r\u00e9gionale)<\/p>\n<\/div>\n<div class=\"\">\n<p>Les panneaux compacts de Modu-Loc r\u00e9pondent \u00e0 toutes les exigences en mati\u00e8re de s\u00e9curit\u00e9 et de protection des panneaux de construction temporaires, et disposent de bases \u00e0 haute visibilit\u00e9 visant \u00e0 r\u00e9duire les risques de tr\u00e9buchement et de chute.<\/p>\n<div class=\"price\">71,50 $<\/div>\n<p>L\u2019ensemble comprends 1 panneau, 1 base, et 1 capuchon<br \/>(Les composants peuvent \u00eatre achet\u00e9s individuellement)<\/p>\n<\/div>\n<\/div>\n<\/div>\n<\/div>\n<\/section>\n<section id=\"chart\">\n<div class=\"chart__container\">\n<h2>Achetez lorsqu&rsquo;il s&rsquo;agit d&rsquo;une d\u00e9cision judicieuse<\/h2>\n<p>Si vous louez fr\u00e9quemment des cl\u00f4tures et n&rsquo;en avez besoin qu&rsquo;en petites quantit\u00e9s, il serait plus judicieux de les acheter. Vous pourriez rentabiliser votre investissement en six mois seulement*. Vous \u00e9viteriez les frais de location, de livraison et d&rsquo;installation, et, comme aucune quantit\u00e9 minimale n&rsquo;est exig\u00e9e, vous pourriez acheter la quantit\u00e9 dont votre \u00e9quipe et vous avez besoin.<\/p>\n<p><div class=\"chartcontainer em-desk\"><div class=\"legend\"><\/div><canvas id=\"financialchart\"><\/canvas><\/div><div class=\"chartcontainer em-mobile\"><img class=\"img-fluid\" src=\"\/wp-content\/themes\/moduloc\/images\/ModulocCharts-02.png\" border=\"0\"><\/div><p class=\"fineprint em-desk\">* Chiffres bas\u00e9s sur le volume d'achats moyen des panneaux compacts en Ontario. <\/p><\/div><br \/>\n<\/section>\n<section id=\"testimonials\">\n<div class=\"testimonials__container\">\n<div class=\"testimonials-widget-testimonials testimonials-widget-testimonials100000\">\n<div class=\"testimonials-widget-testimonial post-2788 testimonials-widget type-testimonials-widget status-publish\" style=\"\">\n<!-- testimonials-widget-testimonials:2788: -->\n\t\t<blockquote><span class=\"open-quote\"><\/span>Ce produit a r\u00e9pondu parfaitement \u00e0 nos besoins! Il est tr\u00e8s facile \u00e0 utiliser et \u00e0 installer. Le ramassage sur le chantier a \u00e9t\u00e9 rapide et les gars ont \u00e9t\u00e9 tr\u00e8s serviables. Il peut \u00eatre utilis\u00e9 de fa\u00e7on polyvalente, notamment dans les cours et les couloirs \u00e9troits. Il est robuste et s\u00e9curitaire. Nous n&rsquo;avons pas eu de probl\u00e8mes de renversement ou de d\u00e9placement.<span class=\"close-quote\"><\/span><\/blockquote>\n\t\t\t<div class=\"credit\"><span class=\"author\">Greg Heika<\/span><span class=\"join-title\"><\/span><span class=\"job-title\">Superviseur, Gestion des mati\u00e8res et blanchisserie<\/span><span class=\"join\"><\/span><span class=\"company\">Centre de Sant\u00e9 Perley et Rideau pour les anciens combattants<\/span><\/div>\n\t<\/div>\n<div class=\"testimonials-widget-testimonial post-2787 testimonials-widget type-testimonials-widget status-publish\" style=\"\">\n<!-- testimonials-widget-testimonials:2787: -->\n\t\t<blockquote><span class=\"open-quote\"><\/span>[Le panneau compact de Modu-Loc]  permettent aux clients de Modu-Loc d&rsquo;\u00e9conomiser sur la livraison et l&rsquo;installation, tout en b\u00e9n\u00e9ficiant de la commodit\u00e9 et de la flexibilit\u00e9 que conf\u00e8rent ces panneaux de cl\u00f4ture l\u00e9gers et conviviaux. Nous appr\u00e9cions le fait qu&rsquo;ils soient faciles \u00e0 transporter jusqu&rsquo;au site et accessibles quand nous en avons besoin car nous n&rsquo;avons pas \u00e0 attendre la livraison de ces derniers.<span class=\"close-quote\"><\/span><\/blockquote>\n\t\t\t<div class=\"credit\"><span class=\"author\">Brandan Ennis<\/span><span class=\"join-title\"><\/span><span class=\"job-title\">Directeur r\u00e9gional<\/span><span class=\"join\"><\/span><span class=\"company\">DeLuca Roofing Inc.<\/span><\/div>\n\t<\/div>\n<\/div>\n<div class=\"testimonials-widget-testimonials bx-controls testimonials-widget-testimonials100000-control\"><\/div>\n<\/div>\n<\/section>\n<section id=\"install\">\n<div class=\"container\">\n<h2>Faciles \u00e0 installer. Faciles \u00e0 d\u00e9monter. <\/h2>\n<p>En trois \u00e9tapes simples, vous pourrez b\u00e9n\u00e9ficier de la s\u00e9curit\u00e9 que vous recherchez. Jetez un coup d&rsquo;\u0153il rapide sur la mani\u00e8re dont nos panneaux compacts sont install\u00e9s &#8211; vous y parviendrez rien qu&rsquo;en 3 \u00e9tapes. <\/p>\n<div class=\"halfpage__button\"><a href=\"\/wp-content\/uploads\/sites\/2\/2020\/11\/Modu-Loc-Pickup-Panel-Installation-Guide-FR-CTA.pdf\" target=\"_blank\" rel=\"noopener noreferrer\">T\u00c9L\u00c9CHARGER LE GUIDE D&rsquo;INSTALLATION <span class=\"fa fa-caret-right\"><\/span><\/a><\/div>\n<\/div>\n<\/section>\n","protected":false},"excerpt":{"rendered":"Les panneaux compacts sont le moyen le plus rapide et le plus pratique de s\u00e9curiser les petits chantiers. VOIR LA VID\u00c9O Accessibles \u00e0 tout moment Ces panneaux de cl\u00f4ture temporaires sont con\u00e7us pour \u00eatre install\u00e9s, d\u00e9plac\u00e9s et d\u00e9mont\u00e9s rapidement et facilement &#8211; et pour s&rsquo;adapter \u00e0 la plupart des fourgonnettes et camions utilitaires. Lorsqu&rsquo;ils ne [&hellip;]","protected":false},"author":1,"featured_media":2770,"parent":0,"menu_order":0,"comment_status":"closed","ping_status":"closed","template":"page-pickuppanels.php","meta":{"inline_featured_image":false,"footnotes":""},"categories":[],"acf":[],"yoast_head":"<!-- This site is optimized with the Yoast SEO plugin v21.1 - https:\/\/yoast.com\/wordpress\/plugins\/seo\/ -->\n<title>La cl\u00f4ture facile \u00e0 transporter - Moduloc Canada<\/title>\n<meta name=\"robots\" content=\"noindex, follow, max-snippet:-1, max-image-preview:large, max-video-preview:-1\" \/>\n<meta property=\"og:locale\" content=\"fr_CA\" \/>\n<meta property=\"og:type\" content=\"article\" \/>\n<meta property=\"og:title\" content=\"La cl\u00f4ture facile \u00e0 transporter - Moduloc Canada\" \/>\n<meta property=\"og:description\" content=\"Les panneaux compacts sont le moyen le plus rapide et le plus pratique de s\u00e9curiser les petits chantiers. VOIR LA VID\u00c9O Accessibles \u00e0 tout moment Ces panneaux de cl\u00f4ture temporaires sont con\u00e7us pour \u00eatre install\u00e9s, d\u00e9plac\u00e9s et d\u00e9mont\u00e9s rapidement et facilement &#8211; et pour s&rsquo;adapter \u00e0 la plupart des fourgonnettes et camions utilitaires. Lorsqu&rsquo;ils ne [&hellip;]\" \/>\n<meta property=\"og:url\" content=\"http:\/\/moduloccanada.jkmprojects.com\/fr\/panneaux-compacts\/\" \/>\n<meta property=\"og:site_name\" content=\"Moduloc Canada\" \/>\n<meta property=\"article:modified_time\" content=\"2021-03-22T15:17:02+00:00\" \/>\n<meta property=\"og:image\" content=\"http:\/\/moduloccanada.jkmprojects.com\/wp-content\/uploads\/sites\/2\/2021\/03\/pickup-panel-banner-1024x300.png\" \/>\n\t<meta property=\"og:image:width\" content=\"1024\" \/>\n\t<meta property=\"og:image:height\" content=\"300\" \/>\n\t<meta property=\"og:image:type\" content=\"image\/png\" \/>\n<meta name=\"twitter:card\" content=\"summary_large_image\" \/>\n<meta name=\"twitter:label1\" content=\"Estimation du temps de lecture\" \/>\n\t<meta name=\"twitter:data1\" content=\"2 minutes\" \/>\n<script type=\"application\/ld+json\" class=\"yoast-schema-graph\">{\"@context\":\"https:\/\/schema.org\",\"@graph\":[{\"@type\":\"WebPage\",\"@id\":\"http:\/\/moduloccanada.jkmprojects.com\/fr\/panneaux-compacts\/\",\"url\":\"http:\/\/moduloccanada.jkmprojects.com\/fr\/panneaux-compacts\/\",\"name\":\"La cl\u00f4ture facile \u00e0 transporter - Moduloc Canada\",\"isPartOf\":{\"@id\":\"http:\/\/moduloccanada.jkmprojects.com\/#website\"},\"datePublished\":\"2021-02-08T16:48:15+00:00\",\"dateModified\":\"2021-03-22T15:17:02+00:00\",\"breadcrumb\":{\"@id\":\"http:\/\/moduloccanada.jkmprojects.com\/fr\/panneaux-compacts\/#breadcrumb\"},\"inLanguage\":\"fr-CA\",\"potentialAction\":[{\"@type\":\"ReadAction\",\"target\":[\"http:\/\/moduloccanada.jkmprojects.com\/fr\/panneaux-compacts\/\"]}]},{\"@type\":\"BreadcrumbList\",\"@id\":\"http:\/\/moduloccanada.jkmprojects.com\/fr\/panneaux-compacts\/#breadcrumb\",\"itemListElement\":[{\"@type\":\"ListItem\",\"position\":1,\"name\":\"Home\",\"item\":\"http:\/\/moduloccanada.jkmprojects.com\/fr\/\"},{\"@type\":\"ListItem\",\"position\":2,\"name\":\"La cl\u00f4ture facile \u00e0 transporter\"}]},{\"@type\":\"WebSite\",\"@id\":\"http:\/\/moduloccanada.jkmprojects.com\/#website\",\"url\":\"http:\/\/moduloccanada.jkmprojects.com\/\",\"name\":\"Moduloc Canada\",\"description\":\"Just another Moduloc Sites site\",\"potentialAction\":[{\"@type\":\"SearchAction\",\"target\":{\"@type\":\"EntryPoint\",\"urlTemplate\":\"http:\/\/moduloccanada.jkmprojects.com\/?s={search_term_string}\"},\"query-input\":\"required name=search_term_string\"}],\"inLanguage\":\"fr-CA\"}]}<\/script>\n<!-- \/ Yoast SEO plugin. -->","yoast_head_json":{"title":"La cl\u00f4ture facile \u00e0 transporter - Moduloc Canada","robots":{"index":"noindex","follow":"follow","max-snippet":"max-snippet:-1","max-image-preview":"max-image-preview:large","max-video-preview":"max-video-preview:-1"},"og_locale":"fr_CA","og_type":"article","og_title":"La cl\u00f4ture facile \u00e0 transporter - Moduloc Canada","og_description":"Les panneaux compacts sont le moyen le plus rapide et le plus pratique de s\u00e9curiser les petits chantiers. VOIR LA VID\u00c9O Accessibles \u00e0 tout moment Ces panneaux de cl\u00f4ture temporaires sont con\u00e7us pour \u00eatre install\u00e9s, d\u00e9plac\u00e9s et d\u00e9mont\u00e9s rapidement et facilement &#8211; et pour s&rsquo;adapter \u00e0 la plupart des fourgonnettes et camions utilitaires. Lorsqu&rsquo;ils ne [&hellip;]","og_url":"http:\/\/moduloccanada.jkmprojects.com\/fr\/panneaux-compacts\/","og_site_name":"Moduloc Canada","article_modified_time":"2021-03-22T15:17:02+00:00","og_image":[{"width":1024,"height":300,"url":"http:\/\/moduloccanada.jkmprojects.com\/wp-content\/uploads\/sites\/2\/2021\/03\/pickup-panel-banner-1024x300.png","type":"image\/png"}],"twitter_card":"summary_large_image","twitter_misc":{"Estimation du temps de lecture":"2 minutes"},"schema":{"@context":"https:\/\/schema.org","@graph":[{"@type":"WebPage","@id":"http:\/\/moduloccanada.jkmprojects.com\/fr\/panneaux-compacts\/","url":"http:\/\/moduloccanada.jkmprojects.com\/fr\/panneaux-compacts\/","name":"La cl\u00f4ture facile \u00e0 transporter - Moduloc Canada","isPartOf":{"@id":"http:\/\/moduloccanada.jkmprojects.com\/#website"},"datePublished":"2021-02-08T16:48:15+00:00","dateModified":"2021-03-22T15:17:02+00:00","breadcrumb":{"@id":"http:\/\/moduloccanada.jkmprojects.com\/fr\/panneaux-compacts\/#breadcrumb"},"inLanguage":"fr-CA","potentialAction":[{"@type":"ReadAction","target":["http:\/\/moduloccanada.jkmprojects.com\/fr\/panneaux-compacts\/"]}]},{"@type":"BreadcrumbList","@id":"http:\/\/moduloccanada.jkmprojects.com\/fr\/panneaux-compacts\/#breadcrumb","itemListElement":[{"@type":"ListItem","position":1,"name":"Home","item":"http:\/\/moduloccanada.jkmprojects.com\/fr\/"},{"@type":"ListItem","position":2,"name":"La cl\u00f4ture facile \u00e0 transporter"}]},{"@type":"WebSite","@id":"http:\/\/moduloccanada.jkmprojects.com\/#website","url":"http:\/\/moduloccanada.jkmprojects.com\/","name":"Moduloc Canada","description":"Just another Moduloc Sites site","potentialAction":[{"@type":"SearchAction","target":{"@type":"EntryPoint","urlTemplate":"http:\/\/moduloccanada.jkmprojects.com\/?s={search_term_string}"},"query-input":"required name=search_term_string"}],"inLanguage":"fr-CA"}]}},"_links":{"self":[{"href":"http:\/\/moduloccanada.jkmprojects.com\/fr\/wp-json\/wp\/v2\/pages\/2704"}],"collection":[{"href":"http:\/\/moduloccanada.jkmprojects.com\/fr\/wp-json\/wp\/v2\/pages"}],"about":[{"href":"http:\/\/moduloccanada.jkmprojects.com\/fr\/wp-json\/wp\/v2\/types\/page"}],"author":[{"embeddable":true,"href":"http:\/\/moduloccanada.jkmprojects.com\/fr\/wp-json\/wp\/v2\/users\/1"}],"replies":[{"embeddable":true,"href":"http:\/\/moduloccanada.jkmprojects.com\/fr\/wp-json\/wp\/v2\/comments?post=2704"}],"version-history":[{"count":13,"href":"http:\/\/moduloccanada.jkmprojects.com\/fr\/wp-json\/wp\/v2\/pages\/2704\/revisions"}],"predecessor-version":[{"id":2792,"href":"http:\/\/moduloccanada.jkmprojects.com\/fr\/wp-json\/wp\/v2\/pages\/2704\/revisions\/2792"}],"wp:featuredmedia":[{"embeddable":true,"href":"http:\/\/moduloccanada.jkmprojects.com\/fr\/wp-json\/wp\/v2\/media\/2770"}],"wp:attachment":[{"href":"http:\/\/moduloccanada.jkmprojects.com\/fr\/wp-json\/wp\/v2\/media?parent=2704"}],"wp:term":[{"taxonomy":"category","embeddable":true,"href":"http:\/\/moduloccanada.jkmprojects.com\/fr\/wp-json\/wp\/v2\/categories?post=2704"}],"curies":[{"name":"wp","href":"https:\/\/api.w.org\/{rel}","templated":true}]}}