{"id":2080,"date":"2020-03-03T19:39:55","date_gmt":"2020-03-03T19:39:55","guid":{"rendered":"http:\/\/ca.moduloc2020.com\/customer-portal\/"},"modified":"2020-03-04T21:10:50","modified_gmt":"2020-03-04T21:10:50","slug":"customer-portal","status":"publish","type":"page","link":"http:\/\/moduloccanada.jkmprojects.com\/fr\/customer-portal\/","title":{"rendered":"Portail client"},"content":{"rendered":"<h2><strong>ACC\u00c8S RAPIDE ET FACILE \u00c0 VOTRE COMPTE<\/strong><\/h2>\n<p>Consacrez plus de temps \u00e0 votre entreprise et moins de temps \u00e0 la gestion de votre compte gr\u00e2ce \u00e0 notre Portail client de Modu-Loc. Ne perdez plus de temps \u00e0 attendre au t\u00e9l\u00e9phone pour parler \u00e0 un repr\u00e9sentant \u00e0 la client\u00e8le. Le Portail client est le moyen le plus rapide et le plus facile pour acc\u00e9der aux renseignements de votre compte \u00e0 n&rsquo;importe quel moment du jour ou de la nuit.<\/p>\n","protected":false},"excerpt":{"rendered":"ACC\u00c8S RAPIDE ET FACILE \u00c0 VOTRE COMPTE Consacrez plus de temps \u00e0 votre entreprise et moins de temps \u00e0 la gestion de votre compte gr\u00e2ce \u00e0 notre Portail client de Modu-Loc. Ne perdez plus de temps \u00e0 attendre au t\u00e9l\u00e9phone pour parler \u00e0 un repr\u00e9sentant \u00e0 la client\u00e8le. Le Portail client est le moyen le [&hellip;]","protected":false},"author":1,"featured_media":1522,"parent":0,"menu_order":0,"comment_status":"closed","ping_status":"closed","template":"page-customer-portal.php","meta":{"inline_featured_image":false,"footnotes":""},"categories":[],"acf":[],"yoast_head":"<!-- This site is optimized with the Yoast SEO plugin v21.1 - https:\/\/yoast.com\/wordpress\/plugins\/seo\/ -->\n<title>Portail client - Moduloc Canada<\/title>\n<meta name=\"robots\" content=\"noindex, follow, max-snippet:-1, max-image-preview:large, max-video-preview:-1\" \/>\n<meta property=\"og:locale\" content=\"fr_CA\" \/>\n<meta property=\"og:type\" content=\"article\" \/>\n<meta property=\"og:title\" content=\"Portail client - Moduloc Canada\" \/>\n<meta property=\"og:description\" content=\"ACC\u00c8S RAPIDE ET FACILE \u00c0 VOTRE COMPTE Consacrez plus de temps \u00e0 votre entreprise et moins de temps \u00e0 la gestion de votre compte gr\u00e2ce \u00e0 notre Portail client de Modu-Loc. Ne perdez plus de temps \u00e0 attendre au t\u00e9l\u00e9phone pour parler \u00e0 un repr\u00e9sentant \u00e0 la client\u00e8le. Le Portail client est le moyen le [&hellip;]\" \/>\n<meta property=\"og:url\" content=\"http:\/\/moduloccanada.jkmprojects.com\/fr\/customer-portal\/\" \/>\n<meta property=\"og:site_name\" content=\"Moduloc Canada\" \/>\n<meta property=\"article:modified_time\" content=\"2020-03-04T21:10:50+00:00\" \/>\n<meta property=\"og:image\" content=\"http:\/\/moduloccanada.jkmprojects.com\/wp-content\/uploads\/sites\/2\/2019\/06\/customer_portal_header_image.jpg\" \/>\n\t<meta property=\"og:image:width\" content=\"1400\" \/>\n\t<meta property=\"og:image:height\" content=\"310\" \/>\n\t<meta property=\"og:image:type\" content=\"image\/jpeg\" \/>\n<meta name=\"twitter:card\" content=\"summary_large_image\" \/>\n<script type=\"application\/ld+json\" class=\"yoast-schema-graph\">{\"@context\":\"https:\/\/schema.org\",\"@graph\":[{\"@type\":\"WebPage\",\"@id\":\"http:\/\/moduloccanada.jkmprojects.com\/fr\/customer-portal\/\",\"url\":\"http:\/\/moduloccanada.jkmprojects.com\/fr\/customer-portal\/\",\"name\":\"Portail client - Moduloc Canada\",\"isPartOf\":{\"@id\":\"http:\/\/moduloccanada.jkmprojects.com\/#website\"},\"datePublished\":\"2020-03-03T19:39:55+00:00\",\"dateModified\":\"2020-03-04T21:10:50+00:00\",\"breadcrumb\":{\"@id\":\"http:\/\/moduloccanada.jkmprojects.com\/fr\/customer-portal\/#breadcrumb\"},\"inLanguage\":\"fr-CA\",\"potentialAction\":[{\"@type\":\"ReadAction\",\"target\":[\"http:\/\/moduloccanada.jkmprojects.com\/fr\/customer-portal\/\"]}]},{\"@type\":\"BreadcrumbList\",\"@id\":\"http:\/\/moduloccanada.jkmprojects.com\/fr\/customer-portal\/#breadcrumb\",\"itemListElement\":[{\"@type\":\"ListItem\",\"position\":1,\"name\":\"Home\",\"item\":\"http:\/\/moduloccanada.jkmprojects.com\/fr\/\"},{\"@type\":\"ListItem\",\"position\":2,\"name\":\"Portail client\"}]},{\"@type\":\"WebSite\",\"@id\":\"http:\/\/moduloccanada.jkmprojects.com\/#website\",\"url\":\"http:\/\/moduloccanada.jkmprojects.com\/\",\"name\":\"Moduloc Canada\",\"description\":\"Just another Moduloc Sites site\",\"potentialAction\":[{\"@type\":\"SearchAction\",\"target\":{\"@type\":\"EntryPoint\",\"urlTemplate\":\"http:\/\/moduloccanada.jkmprojects.com\/?s={search_term_string}\"},\"query-input\":\"required name=search_term_string\"}],\"inLanguage\":\"fr-CA\"}]}<\/script>\n<!-- \/ Yoast SEO plugin. -->","yoast_head_json":{"title":"Portail client - Moduloc Canada","robots":{"index":"noindex","follow":"follow","max-snippet":"max-snippet:-1","max-image-preview":"max-image-preview:large","max-video-preview":"max-video-preview:-1"},"og_locale":"fr_CA","og_type":"article","og_title":"Portail client - Moduloc Canada","og_description":"ACC\u00c8S RAPIDE ET FACILE \u00c0 VOTRE COMPTE Consacrez plus de temps \u00e0 votre entreprise et moins de temps \u00e0 la gestion de votre compte gr\u00e2ce \u00e0 notre Portail client de Modu-Loc. Ne perdez plus de temps \u00e0 attendre au t\u00e9l\u00e9phone pour parler \u00e0 un repr\u00e9sentant \u00e0 la client\u00e8le. Le Portail client est le moyen le [&hellip;]","og_url":"http:\/\/moduloccanada.jkmprojects.com\/fr\/customer-portal\/","og_site_name":"Moduloc Canada","article_modified_time":"2020-03-04T21:10:50+00:00","og_image":[{"width":1400,"height":310,"url":"http:\/\/moduloccanada.jkmprojects.com\/wp-content\/uploads\/sites\/2\/2019\/06\/customer_portal_header_image.jpg","type":"image\/jpeg"}],"twitter_card":"summary_large_image","schema":{"@context":"https:\/\/schema.org","@graph":[{"@type":"WebPage","@id":"http:\/\/moduloccanada.jkmprojects.com\/fr\/customer-portal\/","url":"http:\/\/moduloccanada.jkmprojects.com\/fr\/customer-portal\/","name":"Portail client - Moduloc Canada","isPartOf":{"@id":"http:\/\/moduloccanada.jkmprojects.com\/#website"},"datePublished":"2020-03-03T19:39:55+00:00","dateModified":"2020-03-04T21:10:50+00:00","breadcrumb":{"@id":"http:\/\/moduloccanada.jkmprojects.com\/fr\/customer-portal\/#breadcrumb"},"inLanguage":"fr-CA","potentialAction":[{"@type":"ReadAction","target":["http:\/\/moduloccanada.jkmprojects.com\/fr\/customer-portal\/"]}]},{"@type":"BreadcrumbList","@id":"http:\/\/moduloccanada.jkmprojects.com\/fr\/customer-portal\/#breadcrumb","itemListElement":[{"@type":"ListItem","position":1,"name":"Home","item":"http:\/\/moduloccanada.jkmprojects.com\/fr\/"},{"@type":"ListItem","position":2,"name":"Portail client"}]},{"@type":"WebSite","@id":"http:\/\/moduloccanada.jkmprojects.com\/#website","url":"http:\/\/moduloccanada.jkmprojects.com\/","name":"Moduloc Canada","description":"Just another Moduloc Sites site","potentialAction":[{"@type":"SearchAction","target":{"@type":"EntryPoint","urlTemplate":"http:\/\/moduloccanada.jkmprojects.com\/?s={search_term_string}"},"query-input":"required name=search_term_string"}],"inLanguage":"fr-CA"}]}},"_links":{"self":[{"href":"http:\/\/moduloccanada.jkmprojects.com\/fr\/wp-json\/wp\/v2\/pages\/2080"}],"collection":[{"href":"http:\/\/moduloccanada.jkmprojects.com\/fr\/wp-json\/wp\/v2\/pages"}],"about":[{"href":"http:\/\/moduloccanada.jkmprojects.com\/fr\/wp-json\/wp\/v2\/types\/page"}],"author":[{"embeddable":true,"href":"http:\/\/moduloccanada.jkmprojects.com\/fr\/wp-json\/wp\/v2\/users\/1"}],"replies":[{"embeddable":true,"href":"http:\/\/moduloccanada.jkmprojects.com\/fr\/wp-json\/wp\/v2\/comments?post=2080"}],"version-history":[{"count":2,"href":"http:\/\/moduloccanada.jkmprojects.com\/fr\/wp-json\/wp\/v2\/pages\/2080\/revisions"}],"predecessor-version":[{"id":2082,"href":"http:\/\/moduloccanada.jkmprojects.com\/fr\/wp-json\/wp\/v2\/pages\/2080\/revisions\/2082"}],"wp:featuredmedia":[{"embeddable":true,"href":"http:\/\/moduloccanada.jkmprojects.com\/fr\/wp-json\/wp\/v2\/media\/1522"}],"wp:attachment":[{"href":"http:\/\/moduloccanada.jkmprojects.com\/fr\/wp-json\/wp\/v2\/media?parent=2080"}],"wp:term":[{"taxonomy":"category","embeddable":true,"href":"http:\/\/moduloccanada.jkmprojects.com\/fr\/wp-json\/wp\/v2\/categories?post=2080"}],"curies":[{"name":"wp","href":"https:\/\/api.w.org\/{rel}","templated":true}]}}