{"id":1711,"date":"2017-03-14T19:40:46","date_gmt":"2017-03-14T19:40:46","guid":{"rendered":"http:\/\/ca.moduloc2020.com\/terms-and-conditions\/"},"modified":"2020-03-06T04:05:23","modified_gmt":"2020-03-06T04:05:23","slug":"terms-and-conditions","status":"publish","type":"page","link":"http:\/\/moduloccanada.jkmprojects.com\/fr\/terms-and-conditions\/","title":{"rendered":"Conditions"},"content":{"rendered":"<div class=\"cont-holder privacy-holder\">\n<div class=\"gutter\">\n<p>\nLa location de cl\u00f4tures et de tous les autres mat\u00e9riaux de cl\u00f4ture (\u00ab les mat\u00e9riaux pour cl\u00f4tures \u00bb) fournis par Modu-Loc au preneur est assujettie \u00e0 l\u2019entente du preneur aux conditions suivantes par le preneur :<\/p>\n<p>Modu-Loc et le preneur conviennent que les mat\u00e9riaux pour cl\u00f4tures, lorsqu\u2019ils sont livr\u00e9s et install\u00e9s, seront en bon \u00e9tat et appropri\u00e9s pour d\u00e9limiter le p\u00e9rim\u00e8tre du site ou la partie d\u00e9sign\u00e9e par le preneur, sous la seule r\u00e9serve des irr\u00e9gularit\u00e9s relev\u00e9es par le preneur dans ce rapport des travaux. Modu-Loc devra corriger toutes les irr\u00e9gularit\u00e9s rapidement. Les mat\u00e9riaux pour cl\u00f4tures sont livr\u00e9s comme d\u00e9crit ci-haut, et toutes les ententes, repr\u00e9sentations et garanties de la part de Modu-Loc non \u00e9nonc\u00e9es aux pr\u00e9sentes, qu\u2019elles soient expresses ou tacites, sont exclues. En particulier, Modu-Loc n\u2019est pas tenue responsable de toute perte d\u00e9coulant de la livraison tardive des mat\u00e9riaux pour cl\u00f4tures ou du d\u00e9faut de corriger les irr\u00e9gularit\u00e9s en ce qui a trait aux mat\u00e9riaux pour cl\u00f4tures fournis, sauf si Modu-Loc n\u2019agit pas dans des d\u00e9lais raisonnables.<\/p>\n<ul>\n<li>Le preneur utilisera les mat\u00e9riaux pour cl\u00f4tures uniquement aux fins pr\u00e9cit\u00e9es, aux seuls risques du preneur, et le preneur est exclusivement responsable de confirmer que les mat\u00e9riaux pour cl\u00f4tures satisfont \u00e0 ses exigences. <\/li>\n<li>Le preneur retournera les mat\u00e9riaux pour cl\u00f4tures dans le m\u00eame \u00e9tat qu\u2019ils ont \u00e9t\u00e9 fournis par Modu-Luc, sous la seule r\u00e9serve de l\u2019usure normale d\u00e9coulant de l\u2019utilisation permise.<\/li>\n<li>Le preneur remboursera Modu-Loc pour toute perte et pour tout dommage pouvant survenir avant le retour des mat\u00e9riaux pour cl\u00f4tures \u00e0 Modu-Loc, y compris en raison d\u2019un usage abusif, du vol ou des dommages caus\u00e9s par le preneur ou des tiers.<\/li>\n<li>Modu-Loc enl\u00e8vera et r\u00e9parera les mat\u00e9riaux pour cl\u00f4tures endommag\u00e9s aux frais du preneur, et si les mat\u00e9riaux pour cl\u00f4tures sont endommag\u00e9s au point de ne pas \u00eatre r\u00e9parables (de l\u2019avis de Modu-Loc, exerc\u00e9 raisonnablement) ou si les mat\u00e9riaux pour cl\u00f4tures sont perdus ou vol\u00e9s alors qu\u2019ils \u00e9taient lou\u00e9s au preneur, Modu-Loc remplacera de tels mat\u00e9riaux pour cl\u00f4tures aux frais du preneur.<\/li>\n<li>Les frais de location comprennent la livraison et le ramassage des mat\u00e9riaux pour cl\u00f4tures au site vis\u00e9 ainsi que l\u2019installation par le personnel de Modu-Loc conform\u00e9ment aux normes habituelles ou \u00e0 toutes les instructions sp\u00e9ciales de Modu-Loc \u00e9nonc\u00e9es ci-haut. Ces frais ne comprennent pas les co\u00fbts de r\u00e9paration, de remplacement, de nettoyage ou de peinture ni les mat\u00e9riaux pour cl\u00f4tures dans un \u00e9tat de salet\u00e9 excessif ou vandalis\u00e9s, les frais de camionnage pour l\u2019enl\u00e8vement des mat\u00e9riaux ni la r\u00e9installation des mat\u00e9riaux pour cl\u00f4tures r\u00e9par\u00e9s ou remplac\u00e9s, de tels frais \u00e9tant \u00e0 la charge du preneur. <\/li>\n<\/ul>\n<\/div>\n<\/div>\n","protected":false},"excerpt":{"rendered":"La location de cl\u00f4tures et de tous les autres mat\u00e9riaux de cl\u00f4ture (\u00ab les mat\u00e9riaux pour cl\u00f4tures \u00bb) fournis par Modu-Loc au preneur est assujettie \u00e0 l\u2019entente du preneur aux conditions suivantes par le preneur : Modu-Loc et le preneur conviennent que les mat\u00e9riaux pour cl\u00f4tures, lorsqu\u2019ils sont livr\u00e9s et install\u00e9s, seront en bon \u00e9tat [&hellip;]","protected":false},"author":1,"featured_media":0,"parent":0,"menu_order":0,"comment_status":"closed","ping_status":"closed","template":"","meta":{"inline_featured_image":false,"footnotes":""},"categories":[],"acf":[],"yoast_head":"<!-- This site is optimized with the Yoast SEO plugin v21.1 - https:\/\/yoast.com\/wordpress\/plugins\/seo\/ -->\n<title>Conditions - Moduloc Canada<\/title>\n<meta name=\"robots\" content=\"noindex, follow, max-snippet:-1, max-image-preview:large, max-video-preview:-1\" \/>\n<meta property=\"og:locale\" content=\"fr_CA\" \/>\n<meta property=\"og:type\" content=\"article\" \/>\n<meta property=\"og:title\" content=\"Conditions - Moduloc Canada\" \/>\n<meta property=\"og:description\" content=\"La location de cl\u00f4tures et de tous les autres mat\u00e9riaux de cl\u00f4ture (\u00ab les mat\u00e9riaux pour cl\u00f4tures \u00bb) fournis par Modu-Loc au preneur est assujettie \u00e0 l\u2019entente du preneur aux conditions suivantes par le preneur : Modu-Loc et le preneur conviennent que les mat\u00e9riaux pour cl\u00f4tures, lorsqu\u2019ils sont livr\u00e9s et install\u00e9s, seront en bon \u00e9tat [&hellip;]\" \/>\n<meta property=\"og:url\" content=\"http:\/\/moduloccanada.jkmprojects.com\/fr\/terms-and-conditions\/\" \/>\n<meta property=\"og:site_name\" content=\"Moduloc Canada\" \/>\n<meta property=\"article:modified_time\" content=\"2020-03-06T04:05:23+00:00\" \/>\n<meta name=\"twitter:card\" content=\"summary_large_image\" \/>\n<meta name=\"twitter:label1\" content=\"Estimation du temps de lecture\" \/>\n\t<meta name=\"twitter:data1\" content=\"3 minutes\" \/>\n<script type=\"application\/ld+json\" class=\"yoast-schema-graph\">{\"@context\":\"https:\/\/schema.org\",\"@graph\":[{\"@type\":\"WebPage\",\"@id\":\"http:\/\/moduloccanada.jkmprojects.com\/fr\/terms-and-conditions\/\",\"url\":\"http:\/\/moduloccanada.jkmprojects.com\/fr\/terms-and-conditions\/\",\"name\":\"Conditions - Moduloc Canada\",\"isPartOf\":{\"@id\":\"http:\/\/moduloccanada.jkmprojects.com\/#website\"},\"datePublished\":\"2017-03-14T19:40:46+00:00\",\"dateModified\":\"2020-03-06T04:05:23+00:00\",\"breadcrumb\":{\"@id\":\"http:\/\/moduloccanada.jkmprojects.com\/fr\/terms-and-conditions\/#breadcrumb\"},\"inLanguage\":\"fr-CA\",\"potentialAction\":[{\"@type\":\"ReadAction\",\"target\":[\"http:\/\/moduloccanada.jkmprojects.com\/fr\/terms-and-conditions\/\"]}]},{\"@type\":\"BreadcrumbList\",\"@id\":\"http:\/\/moduloccanada.jkmprojects.com\/fr\/terms-and-conditions\/#breadcrumb\",\"itemListElement\":[{\"@type\":\"ListItem\",\"position\":1,\"name\":\"Home\",\"item\":\"http:\/\/moduloccanada.jkmprojects.com\/fr\/\"},{\"@type\":\"ListItem\",\"position\":2,\"name\":\"Conditions\"}]},{\"@type\":\"WebSite\",\"@id\":\"http:\/\/moduloccanada.jkmprojects.com\/#website\",\"url\":\"http:\/\/moduloccanada.jkmprojects.com\/\",\"name\":\"Moduloc Canada\",\"description\":\"Just another Moduloc Sites site\",\"potentialAction\":[{\"@type\":\"SearchAction\",\"target\":{\"@type\":\"EntryPoint\",\"urlTemplate\":\"http:\/\/moduloccanada.jkmprojects.com\/?s={search_term_string}\"},\"query-input\":\"required name=search_term_string\"}],\"inLanguage\":\"fr-CA\"}]}<\/script>\n<!-- \/ Yoast SEO plugin. -->","yoast_head_json":{"title":"Conditions - Moduloc Canada","robots":{"index":"noindex","follow":"follow","max-snippet":"max-snippet:-1","max-image-preview":"max-image-preview:large","max-video-preview":"max-video-preview:-1"},"og_locale":"fr_CA","og_type":"article","og_title":"Conditions - Moduloc Canada","og_description":"La location de cl\u00f4tures et de tous les autres mat\u00e9riaux de cl\u00f4ture (\u00ab les mat\u00e9riaux pour cl\u00f4tures \u00bb) fournis par Modu-Loc au preneur est assujettie \u00e0 l\u2019entente du preneur aux conditions suivantes par le preneur : Modu-Loc et le preneur conviennent que les mat\u00e9riaux pour cl\u00f4tures, lorsqu\u2019ils sont livr\u00e9s et install\u00e9s, seront en bon \u00e9tat [&hellip;]","og_url":"http:\/\/moduloccanada.jkmprojects.com\/fr\/terms-and-conditions\/","og_site_name":"Moduloc Canada","article_modified_time":"2020-03-06T04:05:23+00:00","twitter_card":"summary_large_image","twitter_misc":{"Estimation du temps de lecture":"3 minutes"},"schema":{"@context":"https:\/\/schema.org","@graph":[{"@type":"WebPage","@id":"http:\/\/moduloccanada.jkmprojects.com\/fr\/terms-and-conditions\/","url":"http:\/\/moduloccanada.jkmprojects.com\/fr\/terms-and-conditions\/","name":"Conditions - Moduloc Canada","isPartOf":{"@id":"http:\/\/moduloccanada.jkmprojects.com\/#website"},"datePublished":"2017-03-14T19:40:46+00:00","dateModified":"2020-03-06T04:05:23+00:00","breadcrumb":{"@id":"http:\/\/moduloccanada.jkmprojects.com\/fr\/terms-and-conditions\/#breadcrumb"},"inLanguage":"fr-CA","potentialAction":[{"@type":"ReadAction","target":["http:\/\/moduloccanada.jkmprojects.com\/fr\/terms-and-conditions\/"]}]},{"@type":"BreadcrumbList","@id":"http:\/\/moduloccanada.jkmprojects.com\/fr\/terms-and-conditions\/#breadcrumb","itemListElement":[{"@type":"ListItem","position":1,"name":"Home","item":"http:\/\/moduloccanada.jkmprojects.com\/fr\/"},{"@type":"ListItem","position":2,"name":"Conditions"}]},{"@type":"WebSite","@id":"http:\/\/moduloccanada.jkmprojects.com\/#website","url":"http:\/\/moduloccanada.jkmprojects.com\/","name":"Moduloc Canada","description":"Just another Moduloc Sites site","potentialAction":[{"@type":"SearchAction","target":{"@type":"EntryPoint","urlTemplate":"http:\/\/moduloccanada.jkmprojects.com\/?s={search_term_string}"},"query-input":"required name=search_term_string"}],"inLanguage":"fr-CA"}]}},"_links":{"self":[{"href":"http:\/\/moduloccanada.jkmprojects.com\/fr\/wp-json\/wp\/v2\/pages\/1711"}],"collection":[{"href":"http:\/\/moduloccanada.jkmprojects.com\/fr\/wp-json\/wp\/v2\/pages"}],"about":[{"href":"http:\/\/moduloccanada.jkmprojects.com\/fr\/wp-json\/wp\/v2\/types\/page"}],"author":[{"embeddable":true,"href":"http:\/\/moduloccanada.jkmprojects.com\/fr\/wp-json\/wp\/v2\/users\/1"}],"replies":[{"embeddable":true,"href":"http:\/\/moduloccanada.jkmprojects.com\/fr\/wp-json\/wp\/v2\/comments?post=1711"}],"version-history":[{"count":2,"href":"http:\/\/moduloccanada.jkmprojects.com\/fr\/wp-json\/wp\/v2\/pages\/1711\/revisions"}],"predecessor-version":[{"id":2251,"href":"http:\/\/moduloccanada.jkmprojects.com\/fr\/wp-json\/wp\/v2\/pages\/1711\/revisions\/2251"}],"wp:attachment":[{"href":"http:\/\/moduloccanada.jkmprojects.com\/fr\/wp-json\/wp\/v2\/media?parent=1711"}],"wp:term":[{"taxonomy":"category","embeddable":true,"href":"http:\/\/moduloccanada.jkmprojects.com\/fr\/wp-json\/wp\/v2\/categories?post=1711"}],"curies":[{"name":"wp","href":"https:\/\/api.w.org\/{rel}","templated":true}]}}