{"id":1702,"date":"2017-02-16T16:25:14","date_gmt":"2017-02-16T16:25:14","guid":{"rendered":"http:\/\/ca.moduloc2020.com\/privacy-policy-2\/"},"modified":"2020-03-03T23:53:42","modified_gmt":"2020-03-03T23:53:42","slug":"privacy-policy-2","status":"publish","type":"page","link":"http:\/\/moduloccanada.jkmprojects.com\/fr\/privacy-policy-2\/","title":{"rendered":"Politique de confidentialit\u00e9"},"content":{"rendered":"<div class=\"cont-holder privacy-holder\">\n<div class=\"gutter\">\n<p>La pr\u00e9sente politique g\u00e8re la fa\u00e7on dont nous traitons les renseignements vous concernant qui d\u00e9coulent de votre visite de notre site Web. Les renseignements que nous recevons d\u00e9pendent de ce que vous faites lorsque vous visitez notre site.<\/p>\n<h3>Renseignements automatiques<\/h3>\n<p>Lorsque vous visitez notre site Web, notre serveur Web reconnait et stocke automatiquement le nom du domaine \u00e0 partir duquel vous acc\u00e9dez \u00e0 Internet (par exemple, aol.com, si vous vous connectez depuis un compte en ligne am\u00e9ricain), la date et l\u2019heure de consultation de notre site ainsi que l\u2019adresse de protocole Internet (IP) du site Web vis\u00e9. Ces renseignements nous permettent d\u2019ex\u00e9cuter les outils d\u2019utilisation du site et de cr\u00e9er des statistiques sur notre site. De telles statistiques nous aident \u00e0 mieux comprendre comment notre site est utilis\u00e9 et ce que nous pouvons faire pour le rendre plus utile pour nos visiteurs. Ces donn\u00e9es ne sont pas stock\u00e9es dans un format permettant d\u2019identifier une personne.<\/p>\n<h3>Renseignements que vous nous fournissez<\/h3>\n<p>Nous utilisons les renseignements que vous nous fournissez pour r\u00e9pondre \u00e0 vos demandes, personnaliser les documents qui vous sont pr\u00e9sent\u00e9s d\u2019apr\u00e8s vos visites pass\u00e9es sur notre site, ainsi que pour communiquer avec vous et pour am\u00e9liorer le contenu de notre site. L\u2019objectif principal de la collecte de renseignements personnels est de vous offrir des services, des fonctions et un contenu personnalis\u00e9s, et de vous assurer une exp\u00e9rience personnalis\u00e9e efficace qui r\u00e9pond le mieux \u00e0 vos besoins.<\/p>\n<p>Si vous choisissez de vous identifier en nous envoyant un courriel ou en remplissant le formulaire en ligne, les employ\u00e9s et partenaires d\u2019affaires de Location de cl\u00f4tures Modu-Loc Inc. auront acc\u00e8s \u00e0 ces renseignements pour communiquer avec vous \u00e0 des fins de service \u00e0 la client\u00e8le. Nous regroupons aussi les renseignements li\u00e9s aux pages que vous consultez. Les renseignements que vous nous soumettez, comme les renseignements d\u2019un sondage ou les commentaires ou la r\u00e9troaction, peuvent \u00eatre stock\u00e9s dans un format permettant d\u2019identifier une personne, mais ne serviront qu\u2019\u00e0 des fins internes et ne seront pas communiqu\u00e9s \u00e0 des particuliers ni \u00e0 des organismes \u00e0 l\u2019ext\u00e9rieur de Location de cl\u00f4tures Modu-Loc Ltd., ses soci\u00e9t\u00e9s affili\u00e9es, ses ayants cause et ses partenaires d\u2019affaires. Si nous voulons communiquer votre nom \u00e0 l\u2019ext\u00e9rieur de ce groupe ou publiciser le fait que vous nous avez soumis des documents ou d\u2019autres renseignements, nous vous demanderons alors la permission d\u2019utiliser votre nom avec les documents ou les autres renseignements que vous avez soumis \u00e0 une partie donn\u00e9e de ce site.<\/p>\n<h3>Liens<\/h3>\n<p>Ce site peut contenir des liens vers d\u2019autres sites qui n\u2019appartiennent pas \u00e0 Location de cl\u00f4tures Modu-Loc Ltd., et qui ne sont pas g\u00e9r\u00e9s par notre soci\u00e9t\u00e9. Location de cl\u00f4tures Modu-Loc Ltd. ne sera pas tenue responsable des pratiques de confidentialit\u00e9 de tels sites Web.<\/p>\n<h3>Utilisation de t\u00e9moins<\/h3>\n<p>Les t\u00e9moins s\u2019entendent des petits fichiers qui sont plac\u00e9s sur votre disque dur pour nous aider \u00e0 fournir des services personnalis\u00e9s. Nous pouvons utiliser des t\u00e9moins pour vous permettre d\u2019entrer votre mot de passe moins souvent lors d\u2019une session. Aucun autre renseignement personnel n\u2019est stock\u00e9 dans ce t\u00e9moin.<\/p>\n<p>\u00c0 l\u2019occasion, Location de cl\u00f4tures Modu-Loc Ltd. enverra un t\u00e9moin \u00e0 votre ordinateur. Un t\u00e9moin est un petit \u00e9l\u00e9ment d&rsquo;information transmis par le serveur au navigateur qui est stock\u00e9 sur le disque dur de votre ordinateur. Un t\u00e9moin ne peut pas lire les donn\u00e9es de votre disque dur ni les fichiers de t\u00e9moins cr\u00e9\u00e9s par d\u2019autres sites. Les t\u00e9moins n\u2019endommagent pas votre syst\u00e8me. Nous utilisons des t\u00e9moins pour d\u00e9terminer les parties du site Web de Location de cl\u00f4tures Modu-Loc Ltd. que vous avez consult\u00e9es ou personnalis\u00e9es, de fa\u00e7on \u00e0 ce que ces pages soient facilement accessibles lors de vos prochaines visites. Ces renseignements pourraient servir \u00e0 personnaliser les services que nous vous fournissons.<\/p>\n<p>Vous pouvez choisir d\u2019accepter ou non les t\u00e9moins en modifiant les param\u00e8tres de votre navigateur. Vous pouvez reconfigurer votre navigateur pour refuser tous les t\u00e9moins ou permettre \u00e0 votre navigateur de vous avertir lorsqu\u2019un t\u00e9moin est envoy\u00e9. Si vous choisissez de ne pas accepter ces t\u00e9moins, votre exp\u00e9rience de notre site et d\u2019autres sites Web pourrait \u00eatre moins agr\u00e9able et certaines fonctions risquent de ne pas fonctionner comme pr\u00e9vu.<\/p>\n<h3>Retrait<\/h3>\n<p>Location de cl\u00f4tures Modu-Loc Ltd. reconna\u00eet que les utilisateurs pourraient ne pas d\u00e9sirer qu\u2019on communique avec eux concernant de nouveaux produits ou des produits apparent\u00e9s. Location de cl\u00f4tures Modu-Loc Ltd. vous permet de renoncer \u00e0 toute activit\u00e9 de marketing par courriel qui pourrait d\u00e9couler de l\u2019utilisation du site. Lorsque vous recevez un courriel, vous obtiendrez des instructions sur la fa\u00e7on de retirer votre nom de cette liste.<\/p>\n<h3>Divulgation de renseignements<\/h3>\n<p>Location de cl\u00f4tures Modu-Loc Ltd. divulguera tout renseignement devant \u00eatre communiqu\u00e9 en vertu d\u2019une loi ou d\u2019une ordonnance.<\/p>\n<h3>S\u00e9curit\u00e9 des renseignements<\/h3>\n<p>Nous utilisons le chiffrement Secure Socket Layer (SSL) pour prot\u00e9ger la transmission des renseignements que vous nous soumettez lorsque vous utilisez nos formulaires en ligne s\u00e9curis\u00e9s. Tous les renseignements que vous nous fournissez au moyen de ces formulaires sont stock\u00e9s hors ligne en lieu s\u00fbr. Si vous nous envoyez un courriel ou que vous remplissez le formulaire de coordonn\u00e9es, vous devez prendre note que le courriel n\u2019est pas n\u00e9cessairement prot\u00e9g\u00e9 contre l\u2019interception, sauf si vous utilisez un navigateur Web s\u00e9curis\u00e9.<\/p>\n<p>Les politiques susmentionn\u00e9es sont entr\u00e9es en vigueur le 20 mai 2008. Location de cl\u00f4tures Modu-Loc Ltd. se r\u00e9serve le droit de modifier la pr\u00e9sente politique en tout temps. L\u2019utilisation des renseignements que nous recueillons maintenant est assujettie \u00e0 la Politique de confidentialit\u00e9 en vigueur au moment de votre utilisation. Les utilisateurs souhaitant voir les changements peuvent le faire en consultant souvent notre \u00e9nonc\u00e9 relatif \u00e0 la politique de confidentialit\u00e9 du site Web.<\/p>\n<\/div>\n<\/div>\n","protected":false},"excerpt":{"rendered":"La pr\u00e9sente politique g\u00e8re la fa\u00e7on dont nous traitons les renseignements vous concernant qui d\u00e9coulent de votre visite de notre site Web. Les renseignements que nous recevons d\u00e9pendent de ce que vous faites lorsque vous visitez notre site. Renseignements automatiques Lorsque vous visitez notre site Web, notre serveur Web reconnait et stocke automatiquement le nom [&hellip;]","protected":false},"author":1,"featured_media":0,"parent":0,"menu_order":0,"comment_status":"closed","ping_status":"closed","template":"","meta":{"inline_featured_image":false,"footnotes":""},"categories":[],"acf":[],"yoast_head":"<!-- This site is optimized with the Yoast SEO plugin v21.1 - https:\/\/yoast.com\/wordpress\/plugins\/seo\/ -->\n<title>[:us]Privacy Policy | Modu-Loc[:]<\/title>\n<meta name=\"robots\" content=\"noindex, follow, max-snippet:-1, max-image-preview:large, max-video-preview:-1\" \/>\n<meta property=\"og:locale\" content=\"fr_CA\" \/>\n<meta property=\"og:type\" content=\"article\" \/>\n<meta property=\"og:title\" content=\"[:us]Privacy Policy | Modu-Loc[:]\" \/>\n<meta property=\"og:description\" content=\"La pr\u00e9sente politique g\u00e8re la fa\u00e7on dont nous traitons les renseignements vous concernant qui d\u00e9coulent de votre visite de notre site Web. Les renseignements que nous recevons d\u00e9pendent de ce que vous faites lorsque vous visitez notre site. Renseignements automatiques Lorsque vous visitez notre site Web, notre serveur Web reconnait et stocke automatiquement le nom [&hellip;]\" \/>\n<meta property=\"og:url\" content=\"http:\/\/moduloccanada.jkmprojects.com\/fr\/privacy-policy-2\/\" \/>\n<meta property=\"og:site_name\" content=\"Moduloc Canada\" \/>\n<meta property=\"article:modified_time\" content=\"2020-03-03T23:53:42+00:00\" \/>\n<meta name=\"twitter:card\" content=\"summary_large_image\" \/>\n<meta name=\"twitter:label1\" content=\"Estimation du temps de lecture\" \/>\n\t<meta name=\"twitter:data1\" content=\"5 minutes\" \/>\n<script type=\"application\/ld+json\" class=\"yoast-schema-graph\">{\"@context\":\"https:\/\/schema.org\",\"@graph\":[{\"@type\":\"WebPage\",\"@id\":\"http:\/\/moduloccanada.jkmprojects.com\/fr\/privacy-policy-2\/\",\"url\":\"http:\/\/moduloccanada.jkmprojects.com\/fr\/privacy-policy-2\/\",\"name\":\"[:us]Privacy Policy | Modu-Loc[:]\",\"isPartOf\":{\"@id\":\"http:\/\/moduloccanada.jkmprojects.com\/#website\"},\"datePublished\":\"2017-02-16T16:25:14+00:00\",\"dateModified\":\"2020-03-03T23:53:42+00:00\",\"breadcrumb\":{\"@id\":\"http:\/\/moduloccanada.jkmprojects.com\/fr\/privacy-policy-2\/#breadcrumb\"},\"inLanguage\":\"fr-CA\",\"potentialAction\":[{\"@type\":\"ReadAction\",\"target\":[\"http:\/\/moduloccanada.jkmprojects.com\/fr\/privacy-policy-2\/\"]}]},{\"@type\":\"BreadcrumbList\",\"@id\":\"http:\/\/moduloccanada.jkmprojects.com\/fr\/privacy-policy-2\/#breadcrumb\",\"itemListElement\":[{\"@type\":\"ListItem\",\"position\":1,\"name\":\"Home\",\"item\":\"http:\/\/moduloccanada.jkmprojects.com\/fr\/\"},{\"@type\":\"ListItem\",\"position\":2,\"name\":\"Politique de confidentialit\u00e9\"}]},{\"@type\":\"WebSite\",\"@id\":\"http:\/\/moduloccanada.jkmprojects.com\/#website\",\"url\":\"http:\/\/moduloccanada.jkmprojects.com\/\",\"name\":\"Moduloc Canada\",\"description\":\"Just another Moduloc Sites site\",\"potentialAction\":[{\"@type\":\"SearchAction\",\"target\":{\"@type\":\"EntryPoint\",\"urlTemplate\":\"http:\/\/moduloccanada.jkmprojects.com\/?s={search_term_string}\"},\"query-input\":\"required name=search_term_string\"}],\"inLanguage\":\"fr-CA\"}]}<\/script>\n<!-- \/ Yoast SEO plugin. -->","yoast_head_json":{"title":"[:us]Privacy Policy | Modu-Loc[:]","robots":{"index":"noindex","follow":"follow","max-snippet":"max-snippet:-1","max-image-preview":"max-image-preview:large","max-video-preview":"max-video-preview:-1"},"og_locale":"fr_CA","og_type":"article","og_title":"[:us]Privacy Policy | Modu-Loc[:]","og_description":"La pr\u00e9sente politique g\u00e8re la fa\u00e7on dont nous traitons les renseignements vous concernant qui d\u00e9coulent de votre visite de notre site Web. Les renseignements que nous recevons d\u00e9pendent de ce que vous faites lorsque vous visitez notre site. Renseignements automatiques Lorsque vous visitez notre site Web, notre serveur Web reconnait et stocke automatiquement le nom [&hellip;]","og_url":"http:\/\/moduloccanada.jkmprojects.com\/fr\/privacy-policy-2\/","og_site_name":"Moduloc Canada","article_modified_time":"2020-03-03T23:53:42+00:00","twitter_card":"summary_large_image","twitter_misc":{"Estimation du temps de lecture":"5 minutes"},"schema":{"@context":"https:\/\/schema.org","@graph":[{"@type":"WebPage","@id":"http:\/\/moduloccanada.jkmprojects.com\/fr\/privacy-policy-2\/","url":"http:\/\/moduloccanada.jkmprojects.com\/fr\/privacy-policy-2\/","name":"[:us]Privacy Policy | Modu-Loc[:]","isPartOf":{"@id":"http:\/\/moduloccanada.jkmprojects.com\/#website"},"datePublished":"2017-02-16T16:25:14+00:00","dateModified":"2020-03-03T23:53:42+00:00","breadcrumb":{"@id":"http:\/\/moduloccanada.jkmprojects.com\/fr\/privacy-policy-2\/#breadcrumb"},"inLanguage":"fr-CA","potentialAction":[{"@type":"ReadAction","target":["http:\/\/moduloccanada.jkmprojects.com\/fr\/privacy-policy-2\/"]}]},{"@type":"BreadcrumbList","@id":"http:\/\/moduloccanada.jkmprojects.com\/fr\/privacy-policy-2\/#breadcrumb","itemListElement":[{"@type":"ListItem","position":1,"name":"Home","item":"http:\/\/moduloccanada.jkmprojects.com\/fr\/"},{"@type":"ListItem","position":2,"name":"Politique de confidentialit\u00e9"}]},{"@type":"WebSite","@id":"http:\/\/moduloccanada.jkmprojects.com\/#website","url":"http:\/\/moduloccanada.jkmprojects.com\/","name":"Moduloc Canada","description":"Just another Moduloc Sites site","potentialAction":[{"@type":"SearchAction","target":{"@type":"EntryPoint","urlTemplate":"http:\/\/moduloccanada.jkmprojects.com\/?s={search_term_string}"},"query-input":"required name=search_term_string"}],"inLanguage":"fr-CA"}]}},"_links":{"self":[{"href":"http:\/\/moduloccanada.jkmprojects.com\/fr\/wp-json\/wp\/v2\/pages\/1702"}],"collection":[{"href":"http:\/\/moduloccanada.jkmprojects.com\/fr\/wp-json\/wp\/v2\/pages"}],"about":[{"href":"http:\/\/moduloccanada.jkmprojects.com\/fr\/wp-json\/wp\/v2\/types\/page"}],"author":[{"embeddable":true,"href":"http:\/\/moduloccanada.jkmprojects.com\/fr\/wp-json\/wp\/v2\/users\/1"}],"replies":[{"embeddable":true,"href":"http:\/\/moduloccanada.jkmprojects.com\/fr\/wp-json\/wp\/v2\/comments?post=1702"}],"version-history":[{"count":1,"href":"http:\/\/moduloccanada.jkmprojects.com\/fr\/wp-json\/wp\/v2\/pages\/1702\/revisions"}],"predecessor-version":[{"id":1703,"href":"http:\/\/moduloccanada.jkmprojects.com\/fr\/wp-json\/wp\/v2\/pages\/1702\/revisions\/1703"}],"wp:attachment":[{"href":"http:\/\/moduloccanada.jkmprojects.com\/fr\/wp-json\/wp\/v2\/media?parent=1702"}],"wp:term":[{"taxonomy":"category","embeddable":true,"href":"http:\/\/moduloccanada.jkmprojects.com\/fr\/wp-json\/wp\/v2\/categories?post=1702"}],"curies":[{"name":"wp","href":"https:\/\/api.w.org\/{rel}","templated":true}]}}