{"id":1699,"date":"2017-02-16T16:24:57","date_gmt":"2017-02-16T16:24:57","guid":{"rendered":"http:\/\/ca.moduloc2020.com\/preferred-suppliers\/"},"modified":"2020-03-03T23:53:02","modified_gmt":"2020-03-03T23:53:02","slug":"preferred-suppliers","status":"publish","type":"page","link":"http:\/\/moduloccanada.jkmprojects.com\/fr\/preferred-suppliers\/","title":{"rendered":"Fournisseurs privil\u00e9gi\u00e9s"},"content":{"rendered":"<div class=\"cont-holder\">\n<div class=\"gutter\">\n<div class=\"faq-tile\">\n<img decoding=\"async\" src=\"http:\/\/moduloc.ca\/wp-content\/themes\/moduloc\/images\/sup-Battlefield.jpg\" alt=\"Battlefield Equipment\"><\/p>\n<h2><strong>Battlefield Equipment<\/strong><\/h2>\n<p class=\"accordian-intro-text\" tabindex=\"0\">Des mat\u00e9riaux et outils de construction en passant par l\u2019\u00e9quipement de s\u00e9curit\u00e9, Battlefield Equipment peut fournir \u00e0 peu pr\u00e8s tout ce dont vous avez besoin pour accomplir le travail.<\/p>\n<p><a href=\"http:\/\/www.battlefieldequipment.ca\/\" target=\"_blank\" rel=\"noopener noreferrer\">Visitez le site de Battlefield Equipment &gt;<\/a><\/p>\n<\/div>\n<div class=\"faq-tile\">\n<img decoding=\"async\" src=\"http:\/\/moduloc.ca\/wp-content\/themes\/moduloc\/images\/sup-Kings.jpg\" alt=\"King\u2019s Septic\"><\/p>\n<h2><strong>King\u2019s Septic<\/strong><\/h2>\n<p class=\"accordian-intro-text\" tabindex=\"0\">King\u2019s Septic &#038; Portable Toilet Service Inc. est le principal fournisseur de services sup\u00e9rieurs de toilettes portatives, de fosses septiques et de camions aspirateurs du Manitoba. En affaire depuis 1985, King&rsquo;s Septic continue de fournir le niveau de service le plus rapide, le plus professionnel et le plus courtois dans l\u2019industrie.<\/p>\n<p><a href=\"http:\/\/kingsseptic.com\/\" target=\"_blank\" rel=\"noopener noreferrer\">Visitez le site de King\u2019s Septic &gt;<\/a><\/p>\n<\/div>\n<div class=\"faq-tile\">\n<img decoding=\"async\" src=\"http:\/\/moduloc.ca\/wp-content\/themes\/moduloc\/images\/sup-Pitstop.jpg\" alt=\"Pit Stop Portables\"><\/p>\n<h2><strong>Pit Stop Portables<\/strong><\/h2>\n<p class=\"accordian-intro-text\" tabindex=\"0\">Pit Stop Portables red\u00e9finit l\u2019exp\u00e9rience portative. Leur objectif est d\u2019assurer la livraison et l\u2019entretien de toilettes portatives modernes et propres, de conteneurs de grande capacit\u00e9 et de salles de bains ex\u00e9cutives pour remorques. Cette entreprise fournit aussi des services de fosses septiques.<\/p>\n<p><a href=\"http:\/\/pitstopportables.com\/\" target=\"_blank\" rel=\"noopener noreferrer\">Visitez le site de Pit Stop Portables &gt;<\/a><\/p>\n<\/div>\n<\/div>\n<\/div>\n","protected":false},"excerpt":{"rendered":"Battlefield Equipment Des mat\u00e9riaux et outils de construction en passant par l\u2019\u00e9quipement de s\u00e9curit\u00e9, Battlefield Equipment peut fournir \u00e0 peu pr\u00e8s tout ce dont vous avez besoin pour accomplir le travail. Visitez le site de Battlefield Equipment &gt; King\u2019s Septic King\u2019s Septic &#038; Portable Toilet Service Inc. est le principal fournisseur de services sup\u00e9rieurs de [&hellip;]","protected":false},"author":1,"featured_media":0,"parent":0,"menu_order":0,"comment_status":"closed","ping_status":"closed","template":"","meta":{"inline_featured_image":false,"footnotes":""},"categories":[],"acf":[],"yoast_head":"<!-- This site is optimized with the Yoast SEO plugin v21.1 - https:\/\/yoast.com\/wordpress\/plugins\/seo\/ -->\n<title>[:en]Preferred Suppliers | Modu-Loc[:]<\/title>\n<meta name=\"robots\" content=\"noindex, follow, max-snippet:-1, max-image-preview:large, max-video-preview:-1\" \/>\n<meta property=\"og:locale\" content=\"fr_CA\" \/>\n<meta property=\"og:type\" content=\"article\" \/>\n<meta property=\"og:title\" content=\"[:en]Preferred Suppliers | Modu-Loc[:]\" \/>\n<meta property=\"og:description\" content=\"Battlefield Equipment Des mat\u00e9riaux et outils de construction en passant par l\u2019\u00e9quipement de s\u00e9curit\u00e9, Battlefield Equipment peut fournir \u00e0 peu pr\u00e8s tout ce dont vous avez besoin pour accomplir le travail. Visitez le site de Battlefield Equipment &gt; King\u2019s Septic King\u2019s Septic &#038; Portable Toilet Service Inc. est le principal fournisseur de services sup\u00e9rieurs de [&hellip;]\" \/>\n<meta property=\"og:url\" content=\"http:\/\/moduloccanada.jkmprojects.com\/fr\/preferred-suppliers\/\" \/>\n<meta property=\"og:site_name\" content=\"Moduloc Canada\" \/>\n<meta property=\"article:modified_time\" content=\"2020-03-03T23:53:02+00:00\" \/>\n<meta property=\"og:image\" content=\"http:\/\/moduloc.ca\/wp-content\/themes\/moduloc\/images\/sup-Battlefield.jpg\" \/>\n<meta name=\"twitter:card\" content=\"summary_large_image\" \/>\n<meta name=\"twitter:label1\" content=\"Estimation du temps de lecture\" \/>\n\t<meta name=\"twitter:data1\" content=\"1 minute\" \/>\n<script type=\"application\/ld+json\" class=\"yoast-schema-graph\">{\"@context\":\"https:\/\/schema.org\",\"@graph\":[{\"@type\":\"WebPage\",\"@id\":\"http:\/\/moduloccanada.jkmprojects.com\/fr\/preferred-suppliers\/\",\"url\":\"http:\/\/moduloccanada.jkmprojects.com\/fr\/preferred-suppliers\/\",\"name\":\"[:en]Preferred Suppliers | Modu-Loc[:]\",\"isPartOf\":{\"@id\":\"http:\/\/moduloccanada.jkmprojects.com\/#website\"},\"datePublished\":\"2017-02-16T16:24:57+00:00\",\"dateModified\":\"2020-03-03T23:53:02+00:00\",\"breadcrumb\":{\"@id\":\"http:\/\/moduloccanada.jkmprojects.com\/fr\/preferred-suppliers\/#breadcrumb\"},\"inLanguage\":\"fr-CA\",\"potentialAction\":[{\"@type\":\"ReadAction\",\"target\":[\"http:\/\/moduloccanada.jkmprojects.com\/fr\/preferred-suppliers\/\"]}]},{\"@type\":\"BreadcrumbList\",\"@id\":\"http:\/\/moduloccanada.jkmprojects.com\/fr\/preferred-suppliers\/#breadcrumb\",\"itemListElement\":[{\"@type\":\"ListItem\",\"position\":1,\"name\":\"Home\",\"item\":\"http:\/\/moduloccanada.jkmprojects.com\/fr\/\"},{\"@type\":\"ListItem\",\"position\":2,\"name\":\"Fournisseurs privil\u00e9gi\u00e9s\"}]},{\"@type\":\"WebSite\",\"@id\":\"http:\/\/moduloccanada.jkmprojects.com\/#website\",\"url\":\"http:\/\/moduloccanada.jkmprojects.com\/\",\"name\":\"Moduloc Canada\",\"description\":\"Just another Moduloc Sites site\",\"potentialAction\":[{\"@type\":\"SearchAction\",\"target\":{\"@type\":\"EntryPoint\",\"urlTemplate\":\"http:\/\/moduloccanada.jkmprojects.com\/?s={search_term_string}\"},\"query-input\":\"required name=search_term_string\"}],\"inLanguage\":\"fr-CA\"}]}<\/script>\n<!-- \/ Yoast SEO plugin. -->","yoast_head_json":{"title":"[:en]Preferred Suppliers | Modu-Loc[:]","robots":{"index":"noindex","follow":"follow","max-snippet":"max-snippet:-1","max-image-preview":"max-image-preview:large","max-video-preview":"max-video-preview:-1"},"og_locale":"fr_CA","og_type":"article","og_title":"[:en]Preferred Suppliers | Modu-Loc[:]","og_description":"Battlefield Equipment Des mat\u00e9riaux et outils de construction en passant par l\u2019\u00e9quipement de s\u00e9curit\u00e9, Battlefield Equipment peut fournir \u00e0 peu pr\u00e8s tout ce dont vous avez besoin pour accomplir le travail. Visitez le site de Battlefield Equipment &gt; King\u2019s Septic King\u2019s Septic &#038; Portable Toilet Service Inc. est le principal fournisseur de services sup\u00e9rieurs de [&hellip;]","og_url":"http:\/\/moduloccanada.jkmprojects.com\/fr\/preferred-suppliers\/","og_site_name":"Moduloc Canada","article_modified_time":"2020-03-03T23:53:02+00:00","og_image":[{"url":"http:\/\/moduloc.ca\/wp-content\/themes\/moduloc\/images\/sup-Battlefield.jpg"}],"twitter_card":"summary_large_image","twitter_misc":{"Estimation du temps de lecture":"1 minute"},"schema":{"@context":"https:\/\/schema.org","@graph":[{"@type":"WebPage","@id":"http:\/\/moduloccanada.jkmprojects.com\/fr\/preferred-suppliers\/","url":"http:\/\/moduloccanada.jkmprojects.com\/fr\/preferred-suppliers\/","name":"[:en]Preferred Suppliers | Modu-Loc[:]","isPartOf":{"@id":"http:\/\/moduloccanada.jkmprojects.com\/#website"},"datePublished":"2017-02-16T16:24:57+00:00","dateModified":"2020-03-03T23:53:02+00:00","breadcrumb":{"@id":"http:\/\/moduloccanada.jkmprojects.com\/fr\/preferred-suppliers\/#breadcrumb"},"inLanguage":"fr-CA","potentialAction":[{"@type":"ReadAction","target":["http:\/\/moduloccanada.jkmprojects.com\/fr\/preferred-suppliers\/"]}]},{"@type":"BreadcrumbList","@id":"http:\/\/moduloccanada.jkmprojects.com\/fr\/preferred-suppliers\/#breadcrumb","itemListElement":[{"@type":"ListItem","position":1,"name":"Home","item":"http:\/\/moduloccanada.jkmprojects.com\/fr\/"},{"@type":"ListItem","position":2,"name":"Fournisseurs privil\u00e9gi\u00e9s"}]},{"@type":"WebSite","@id":"http:\/\/moduloccanada.jkmprojects.com\/#website","url":"http:\/\/moduloccanada.jkmprojects.com\/","name":"Moduloc Canada","description":"Just another Moduloc Sites site","potentialAction":[{"@type":"SearchAction","target":{"@type":"EntryPoint","urlTemplate":"http:\/\/moduloccanada.jkmprojects.com\/?s={search_term_string}"},"query-input":"required name=search_term_string"}],"inLanguage":"fr-CA"}]}},"_links":{"self":[{"href":"http:\/\/moduloccanada.jkmprojects.com\/fr\/wp-json\/wp\/v2\/pages\/1699"}],"collection":[{"href":"http:\/\/moduloccanada.jkmprojects.com\/fr\/wp-json\/wp\/v2\/pages"}],"about":[{"href":"http:\/\/moduloccanada.jkmprojects.com\/fr\/wp-json\/wp\/v2\/types\/page"}],"author":[{"embeddable":true,"href":"http:\/\/moduloccanada.jkmprojects.com\/fr\/wp-json\/wp\/v2\/users\/1"}],"replies":[{"embeddable":true,"href":"http:\/\/moduloccanada.jkmprojects.com\/fr\/wp-json\/wp\/v2\/comments?post=1699"}],"version-history":[{"count":1,"href":"http:\/\/moduloccanada.jkmprojects.com\/fr\/wp-json\/wp\/v2\/pages\/1699\/revisions"}],"predecessor-version":[{"id":1700,"href":"http:\/\/moduloccanada.jkmprojects.com\/fr\/wp-json\/wp\/v2\/pages\/1699\/revisions\/1700"}],"wp:attachment":[{"href":"http:\/\/moduloccanada.jkmprojects.com\/fr\/wp-json\/wp\/v2\/media?parent=1699"}],"wp:term":[{"taxonomy":"category","embeddable":true,"href":"http:\/\/moduloccanada.jkmprojects.com\/fr\/wp-json\/wp\/v2\/categories?post=1699"}],"curies":[{"name":"wp","href":"https:\/\/api.w.org\/{rel}","templated":true}]}}