{"id":1696,"date":"2017-02-13T21:25:01","date_gmt":"2017-02-13T21:25:01","guid":{"rendered":"http:\/\/ca.moduloc2020.com\/our-service\/"},"modified":"2020-03-31T17:12:20","modified_gmt":"2020-03-31T17:12:20","slug":"our-service","status":"publish","type":"page","link":"http:\/\/moduloccanada.jkmprojects.com\/fr\/our-service\/","title":{"rendered":"Notre service"},"content":{"rendered":"<section class=\"full-bleed home-difference\">\n<div class=\"cont-holder\">\n<h2>La diff\u00e9rence Modu-Loc<\/h2>\n<p class=\"accordian-intro-text\">Efficace, fiable, s\u00e9curitaire et r\u00e9ceptive : la marque Modu-Loc ne se r\u00e9sume pas qu\u2019aux cl\u00f4tures. Elle est un reflet de notre engagement consciencieux et ind\u00e9fectible envers un soutien complet et le service \u00e0 la client\u00e8le. En outre, nous sommes d\u00e9termin\u00e9s \u00e0 fournir un produit de qualit\u00e9 in\u00e9gal\u00e9e par tout autre fournisseur dans l\u2019industrie.<\/p>\n<div class=\"tile-holder gutter\">\n<div class=\"blurb\">\n<p><img decoding=\"async\" src=\"\/wp-content\/uploads\/2017\/02\/difference_icon1.png\" alt=\"\" \/><\/p>\n<h3><span class=\"blurb-title\"><br \/>\nSERVICE \u00c0 LA CLIENT\u00c8LE EXCEPTIONNEL<\/span><\/h3>\n<p>Nous nous engageons \u00e0 fournir un soutien total, y compris un temps de r\u00e9ponse en 24 heures, des syst\u00e8mes de cl\u00f4tures de qualit\u00e9, des conseils \u00e9clair\u00e9s et une installation s\u00e9curitaire.<\/p>\n<\/div>\n<div class=\"blurb\">\n<p><img decoding=\"async\" src=\"\/wp-content\/uploads\/2017\/02\/difference_icon2.png\" alt=\"\" \/><\/p>\n<h3><span class=\"blurb-title\"><br \/>\n<strong>EXPERTISE SUR LE PLAN DES EXIGENCES DE S\u00c9CURIT\u00c9<\/strong><br \/>\n<\/span><\/h3>\n<p>Comprendre ce dont vous avez besoin pour r\u00e9pondre aux exigences de s\u00e9curit\u00e9 de l\u2019industrie est notre priorit\u00e9. Voil\u00e0 pourquoi nos sp\u00e9cialistes suivent la formation la plus approfondie dans l\u2019industrie.<\/p>\n<\/div>\n<div class=\"blurb\">\n<p><img decoding=\"async\" src=\"\/wp-content\/uploads\/2017\/02\/difference_icon3.png\" alt=\"\" \/><\/p>\n<h3><span class=\"blurb-title\"><br \/>\nSOLUTIONS DE CL\u00d4TURES INNOVANTES<br \/>\n<\/span><\/h3>\n<p>Nous sommes en t\u00eate pour ce qui est des nouveaux produits innovants que nous proposons pour nos syst\u00e8mes de cl\u00f4tures \u2013 ce n\u2019est qu\u2019une des fa\u00e7ons dont nous r\u00e9pondons aux besoins des clients.<\/p>\n<\/div>\n<\/div>\n<\/div>\n<\/section>\n<section class=\"full-bleed service-divider\">\n<div class=\"block-holder left-float \">\n<div class=\"text-holder-left \">\n<h2>Les \u00ab gars de la cl\u00f4ture \u00bb de Modu-Loc<\/h2>\n<p>Notre \u00e9quipe sur le terrain, qu\u2019on appelle les \u00ab gars de la cl\u00f4ture \u00bb de Modu-Loc sont des professionnels d\u00fbment form\u00e9s qui comprennent ce qui est n\u00e9cessaire pour installer une cl\u00f4ture en mettant l\u2019accent sur la s\u00e9curit\u00e9, l\u2019accessibilit\u00e9 et une pr\u00e9sentation de qualit\u00e9. Poss\u00e9dant des connaissances approfondies dans le domaine du contr\u00f4le des foules, ils sont capables d\u2019\u00e9valuer syst\u00e9matiquement les complexit\u00e9s et les exigences de chaque site, et de fournir des recommandations \u00e9clair\u00e9es afin de veiller \u00e0 une installation optimale tout en assurant la s\u00e9curit\u00e9.<\/p>\n<\/div>\n<\/div>\n<div class=\"block-holder right-float img-bg-right\"><\/div>\n<div class=\"clear-fix\"><\/div>\n<\/section>\n<section class=\"full-bleed service-divider\">\n<div class=\"block-holder left-float img-bg-left\"><\/div>\n<div class=\"block-holder right-float \">\n<div class=\"text-holder-right\">\n<h2>Modu-Loc est synonyme de robustesse et de durabilit\u00e9<\/h2>\n<p>R\u00e9put\u00e9s pour leur robustesse et leur durabilit\u00e9, nos produits de cl\u00f4ture atteignent et d\u00e9passent les exigences de l\u2019industrie en ce qui a trait \u00e0 la s\u00e9curit\u00e9 des sites. Nos produits sont con\u00e7us de fa\u00e7on professionnelle pour offrir le niveau de s\u00e9curit\u00e9 le plus \u00e9lev\u00e9 dans l\u2019industrie. Nous avons aussi cr\u00e9\u00e9 un certain nombre de produits compl\u00e9mentaires pour faire en sorte que nous puissions continuer de r\u00e9pondre aux besoins de nos clients.<\/p>\n<\/div>\n<\/div>\n<div class=\"clear-fix\"><\/div>\n<\/section>\n","protected":false},"excerpt":{"rendered":"La diff\u00e9rence Modu-Loc Efficace, fiable, s\u00e9curitaire et r\u00e9ceptive : la marque Modu-Loc ne se r\u00e9sume pas qu\u2019aux cl\u00f4tures. Elle est un reflet de notre engagement consciencieux et ind\u00e9fectible envers un soutien complet et le service \u00e0 la client\u00e8le. En outre, nous sommes d\u00e9termin\u00e9s \u00e0 fournir un produit de qualit\u00e9 in\u00e9gal\u00e9e par tout autre fournisseur dans [&hellip;]","protected":false},"author":1,"featured_media":1432,"parent":0,"menu_order":0,"comment_status":"closed","ping_status":"closed","template":"","meta":{"inline_featured_image":false,"footnotes":""},"categories":[],"acf":[],"yoast_head":"<!-- This site is optimized with the Yoast SEO plugin v21.1 - https:\/\/yoast.com\/wordpress\/plugins\/seo\/ -->\n<title>Notre Service | Modu-Loc<\/title>\n<meta name=\"robots\" content=\"noindex, follow, max-snippet:-1, max-image-preview:large, max-video-preview:-1\" \/>\n<meta property=\"og:locale\" content=\"fr_CA\" \/>\n<meta property=\"og:type\" content=\"article\" \/>\n<meta property=\"og:title\" content=\"Notre Service | Modu-Loc\" \/>\n<meta property=\"og:description\" content=\"La diff\u00e9rence Modu-Loc Efficace, fiable, s\u00e9curitaire et r\u00e9ceptive : la marque Modu-Loc ne se r\u00e9sume pas qu\u2019aux cl\u00f4tures. Elle est un reflet de notre engagement consciencieux et ind\u00e9fectible envers un soutien complet et le service \u00e0 la client\u00e8le. En outre, nous sommes d\u00e9termin\u00e9s \u00e0 fournir un produit de qualit\u00e9 in\u00e9gal\u00e9e par tout autre fournisseur dans [&hellip;]\" \/>\n<meta property=\"og:url\" content=\"http:\/\/moduloccanada.jkmprojects.com\/fr\/our-service\/\" \/>\n<meta property=\"og:site_name\" content=\"Moduloc Canada\" \/>\n<meta property=\"article:modified_time\" content=\"2020-03-31T17:12:20+00:00\" \/>\n<meta property=\"og:image\" content=\"http:\/\/moduloccanada.jkmprojects.com\/wp-content\/uploads\/sites\/2\/2018\/06\/bg-home.jpg\" \/>\n\t<meta property=\"og:image:width\" content=\"1800\" \/>\n\t<meta property=\"og:image:height\" content=\"700\" \/>\n\t<meta property=\"og:image:type\" content=\"image\/jpeg\" \/>\n<meta name=\"twitter:card\" content=\"summary_large_image\" \/>\n<meta name=\"twitter:label1\" content=\"Estimation du temps de lecture\" \/>\n\t<meta name=\"twitter:data1\" content=\"2 minutes\" \/>\n<script type=\"application\/ld+json\" class=\"yoast-schema-graph\">{\"@context\":\"https:\/\/schema.org\",\"@graph\":[{\"@type\":\"WebPage\",\"@id\":\"http:\/\/moduloccanada.jkmprojects.com\/fr\/our-service\/\",\"url\":\"http:\/\/moduloccanada.jkmprojects.com\/fr\/our-service\/\",\"name\":\"Notre Service | Modu-Loc\",\"isPartOf\":{\"@id\":\"http:\/\/moduloccanada.jkmprojects.com\/#website\"},\"datePublished\":\"2017-02-13T21:25:01+00:00\",\"dateModified\":\"2020-03-31T17:12:20+00:00\",\"breadcrumb\":{\"@id\":\"http:\/\/moduloccanada.jkmprojects.com\/fr\/our-service\/#breadcrumb\"},\"inLanguage\":\"fr-CA\",\"potentialAction\":[{\"@type\":\"ReadAction\",\"target\":[\"http:\/\/moduloccanada.jkmprojects.com\/fr\/our-service\/\"]}]},{\"@type\":\"BreadcrumbList\",\"@id\":\"http:\/\/moduloccanada.jkmprojects.com\/fr\/our-service\/#breadcrumb\",\"itemListElement\":[{\"@type\":\"ListItem\",\"position\":1,\"name\":\"Home\",\"item\":\"http:\/\/moduloccanada.jkmprojects.com\/fr\/\"},{\"@type\":\"ListItem\",\"position\":2,\"name\":\"Notre service\"}]},{\"@type\":\"WebSite\",\"@id\":\"http:\/\/moduloccanada.jkmprojects.com\/#website\",\"url\":\"http:\/\/moduloccanada.jkmprojects.com\/\",\"name\":\"Moduloc Canada\",\"description\":\"Just another Moduloc Sites site\",\"potentialAction\":[{\"@type\":\"SearchAction\",\"target\":{\"@type\":\"EntryPoint\",\"urlTemplate\":\"http:\/\/moduloccanada.jkmprojects.com\/?s={search_term_string}\"},\"query-input\":\"required name=search_term_string\"}],\"inLanguage\":\"fr-CA\"}]}<\/script>\n<!-- \/ Yoast SEO plugin. -->","yoast_head_json":{"title":"Notre Service | Modu-Loc","robots":{"index":"noindex","follow":"follow","max-snippet":"max-snippet:-1","max-image-preview":"max-image-preview:large","max-video-preview":"max-video-preview:-1"},"og_locale":"fr_CA","og_type":"article","og_title":"Notre Service | Modu-Loc","og_description":"La diff\u00e9rence Modu-Loc Efficace, fiable, s\u00e9curitaire et r\u00e9ceptive : la marque Modu-Loc ne se r\u00e9sume pas qu\u2019aux cl\u00f4tures. Elle est un reflet de notre engagement consciencieux et ind\u00e9fectible envers un soutien complet et le service \u00e0 la client\u00e8le. En outre, nous sommes d\u00e9termin\u00e9s \u00e0 fournir un produit de qualit\u00e9 in\u00e9gal\u00e9e par tout autre fournisseur dans [&hellip;]","og_url":"http:\/\/moduloccanada.jkmprojects.com\/fr\/our-service\/","og_site_name":"Moduloc Canada","article_modified_time":"2020-03-31T17:12:20+00:00","og_image":[{"width":1800,"height":700,"url":"http:\/\/moduloccanada.jkmprojects.com\/wp-content\/uploads\/sites\/2\/2018\/06\/bg-home.jpg","type":"image\/jpeg"}],"twitter_card":"summary_large_image","twitter_misc":{"Estimation du temps de lecture":"2 minutes"},"schema":{"@context":"https:\/\/schema.org","@graph":[{"@type":"WebPage","@id":"http:\/\/moduloccanada.jkmprojects.com\/fr\/our-service\/","url":"http:\/\/moduloccanada.jkmprojects.com\/fr\/our-service\/","name":"Notre Service | Modu-Loc","isPartOf":{"@id":"http:\/\/moduloccanada.jkmprojects.com\/#website"},"datePublished":"2017-02-13T21:25:01+00:00","dateModified":"2020-03-31T17:12:20+00:00","breadcrumb":{"@id":"http:\/\/moduloccanada.jkmprojects.com\/fr\/our-service\/#breadcrumb"},"inLanguage":"fr-CA","potentialAction":[{"@type":"ReadAction","target":["http:\/\/moduloccanada.jkmprojects.com\/fr\/our-service\/"]}]},{"@type":"BreadcrumbList","@id":"http:\/\/moduloccanada.jkmprojects.com\/fr\/our-service\/#breadcrumb","itemListElement":[{"@type":"ListItem","position":1,"name":"Home","item":"http:\/\/moduloccanada.jkmprojects.com\/fr\/"},{"@type":"ListItem","position":2,"name":"Notre service"}]},{"@type":"WebSite","@id":"http:\/\/moduloccanada.jkmprojects.com\/#website","url":"http:\/\/moduloccanada.jkmprojects.com\/","name":"Moduloc Canada","description":"Just another Moduloc Sites site","potentialAction":[{"@type":"SearchAction","target":{"@type":"EntryPoint","urlTemplate":"http:\/\/moduloccanada.jkmprojects.com\/?s={search_term_string}"},"query-input":"required name=search_term_string"}],"inLanguage":"fr-CA"}]}},"_links":{"self":[{"href":"http:\/\/moduloccanada.jkmprojects.com\/fr\/wp-json\/wp\/v2\/pages\/1696"}],"collection":[{"href":"http:\/\/moduloccanada.jkmprojects.com\/fr\/wp-json\/wp\/v2\/pages"}],"about":[{"href":"http:\/\/moduloccanada.jkmprojects.com\/fr\/wp-json\/wp\/v2\/types\/page"}],"author":[{"embeddable":true,"href":"http:\/\/moduloccanada.jkmprojects.com\/fr\/wp-json\/wp\/v2\/users\/1"}],"replies":[{"embeddable":true,"href":"http:\/\/moduloccanada.jkmprojects.com\/fr\/wp-json\/wp\/v2\/comments?post=1696"}],"version-history":[{"count":3,"href":"http:\/\/moduloccanada.jkmprojects.com\/fr\/wp-json\/wp\/v2\/pages\/1696\/revisions"}],"predecessor-version":[{"id":2368,"href":"http:\/\/moduloccanada.jkmprojects.com\/fr\/wp-json\/wp\/v2\/pages\/1696\/revisions\/2368"}],"wp:featuredmedia":[{"embeddable":true,"href":"http:\/\/moduloccanada.jkmprojects.com\/fr\/wp-json\/wp\/v2\/media\/1432"}],"wp:attachment":[{"href":"http:\/\/moduloccanada.jkmprojects.com\/fr\/wp-json\/wp\/v2\/media?parent=1696"}],"wp:term":[{"taxonomy":"category","embeddable":true,"href":"http:\/\/moduloccanada.jkmprojects.com\/fr\/wp-json\/wp\/v2\/categories?post=1696"}],"curies":[{"name":"wp","href":"https:\/\/api.w.org\/{rel}","templated":true}]}}