{"id":1693,"date":"2017-02-14T19:59:43","date_gmt":"2017-02-14T19:59:43","guid":{"rendered":"http:\/\/ca.moduloc2020.com\/installations\/event-products\/"},"modified":"2020-06-01T16:11:14","modified_gmt":"2020-06-01T16:11:14","slug":"evenements","status":"publish","type":"page","link":"http:\/\/moduloccanada.jkmprojects.com\/fr\/types-dinstallation\/evenements\/","title":{"rendered":"Le chef de file pour le contr\u00f4le des foules lors d\u2019\u00e9v\u00e9nements"},"content":{"rendered":"<p>Lorsqu\u2019il s\u2019agit de contr\u00f4le des foules et de confinement des sites pour l\u2019industrie des \u00e9v\u00e9nements sp\u00e9ciaux, nous savons que la s\u00e9curit\u00e9 et la protection contre les regards indiscrets ne sont pas les seules exigences. L\u2019attrait visuel joue aussi un r\u00f4le important. Voil\u00e0 pourquoi nous proposons une foule d\u2019options attrayantes pour des \u00e9v\u00e9nements de tout type et de toute envergure.<\/p>\n<p>Nos sp\u00e9cialistes de la livraison et de l\u2019installation de Modu-Loc \u2013 qu\u2019on appelle nos \u00ab gars de la cl\u00f4ture \u2013 connaissent parfaitement les complexit\u00e9s et les exigences relatives \u00e0 la production d\u2019\u00e9v\u00e9nements et sont heureux de fournir des recommandations pour optimiser le contr\u00f4le des foules et la s\u00e9curit\u00e9 des \u00e9v\u00e9nements.<\/p>\n<p>&nbsp;<\/p>\n<h2>Raisons qui font de nous votre fournisseur de cl\u00f4tures par excellence<\/h2>\n<p>SERVICE FOURNI AU MOMENT O\u00d9 VOUS EN AVEZ BESOIN<\/p>\n<p>Horaires flexibles pour faire face aux exigences logistiques et fournir une aide sp\u00e9cialis\u00e9e sur place pendant, durant et apr\u00e8s un \u00e9v\u00e9nement.<\/p>\n<p>SYST\u00c8MES D\u2019INSTALLATION SUP\u00c9RIEURS<\/p>\n<p>Solutions adapt\u00e9es au temps venteux, aux terrains in\u00e9gaux, aux exigences de haute s\u00e9curit\u00e9 et aux points d\u2019acc\u00e8s limit\u00e9s.<\/p>\n<p>AJOUT D\u2019ENSEIGNES FACILIT\u00c9 POUR LES \u00c9V\u00c9NEMENTS<\/p>\n<p>Les panneaux de cl\u00f4tures assument un double r\u00f4le comme fa\u00e7on rapide et facile d\u2019ajouter des enseignes. Excellente solution pour donner des directives au public ou saisir des occasions de commandite, r\u00e9duisant les frais de signalisation<\/p>\n<p>OPTIONS VISUELLEMENT ATTRAYANTES<\/p>\n<p>Options offrant l\u2019apparence convenant \u00e0 l\u2019\u00e9v\u00e9nement organis\u00e9, y compris des panneaux verts d\u2019une hauteur de 4\u2019, 6\u2019 et 8\u2019 et panneaux VIP noirs d\u2019une hauteur de 40\u201d.<\/p>\n<p>POINTS D\u2019ACC\u00c8S CONTR\u00d4L\u00c9S<\/p>\n<p>Gamme de syst\u00e8mes de portes et de styles pour l\u2019acc\u00e8s s\u00e9curitaire du personnel et des v\u00e9hicules.<\/p>\n<div class=\"btn btn-green\"><a href=\"\/wp-content\/uploads\/sites\/2\/2020\/06\/Modu-Loc_Events_Catalogue_FR_Feb2019-WEB.pdf\" target=\"_blank\" rel=\"noopener noreferrer\">T\u00c9L\u00c9CHARGER PDF<img decoding=\"async\" src=\"\/wp-content\/themes\/moduloc\/images\/btnArrow.png\" alt=\"\" \/><\/a><\/div>\n","protected":false},"excerpt":{"rendered":"Lorsqu\u2019il s\u2019agit de contr\u00f4le des foules et de confinement des sites pour l\u2019industrie des \u00e9v\u00e9nements sp\u00e9ciaux, nous savons que la s\u00e9curit\u00e9 et la protection contre les regards indiscrets ne sont pas les seules exigences. L\u2019attrait visuel joue aussi un r\u00f4le important. Voil\u00e0 pourquoi nous proposons une foule d\u2019options attrayantes pour des \u00e9v\u00e9nements de tout type et de toute envergure.","protected":false},"author":1,"featured_media":1254,"parent":1682,"menu_order":0,"comment_status":"closed","ping_status":"closed","template":"page-installation.php","meta":{"inline_featured_image":false,"footnotes":""},"categories":[86],"acf":[],"yoast_head":"<!-- This site is optimized with the Yoast SEO plugin v21.1 - https:\/\/yoast.com\/wordpress\/plugins\/seo\/ -->\n<title>Le chef de file pour le contr\u00f4le des foules lors d\u2019\u00e9v\u00e9nements - Moduloc Canada<\/title>\n<meta name=\"robots\" content=\"noindex, follow, max-snippet:-1, max-image-preview:large, max-video-preview:-1\" \/>\n<meta property=\"og:locale\" content=\"fr_CA\" \/>\n<meta property=\"og:type\" content=\"article\" \/>\n<meta property=\"og:title\" content=\"Le chef de file pour le contr\u00f4le des foules lors d\u2019\u00e9v\u00e9nements - Moduloc Canada\" \/>\n<meta property=\"og:description\" content=\"Lorsqu\u2019il s\u2019agit de contr\u00f4le des foules et de confinement des sites pour l\u2019industrie des \u00e9v\u00e9nements sp\u00e9ciaux, nous savons que la s\u00e9curit\u00e9 et la protection contre les regards indiscrets ne sont pas les seules exigences. L\u2019attrait visuel joue aussi un r\u00f4le important. Voil\u00e0 pourquoi nous proposons une foule d\u2019options attrayantes pour des \u00e9v\u00e9nements de tout type et de toute envergure.\" \/>\n<meta property=\"og:url\" content=\"http:\/\/moduloccanada.jkmprojects.com\/fr\/types-dinstallation\/evenements\/\" \/>\n<meta property=\"og:site_name\" content=\"Moduloc Canada\" \/>\n<meta property=\"article:modified_time\" content=\"2020-06-01T16:11:14+00:00\" \/>\n<meta property=\"og:image\" content=\"http:\/\/moduloccanada.jkmprojects.com\/wp-content\/uploads\/sites\/2\/2020\/03\/0-Home-Our-Products-Events-2.jpg\" \/>\n\t<meta property=\"og:image:width\" content=\"1600\" \/>\n\t<meta property=\"og:image:height\" content=\"900\" \/>\n\t<meta property=\"og:image:type\" content=\"image\/jpeg\" \/>\n<meta name=\"twitter:card\" content=\"summary_large_image\" \/>\n<meta name=\"twitter:label1\" content=\"Estimation du temps de lecture\" \/>\n\t<meta name=\"twitter:data1\" content=\"2 minutes\" \/>\n<script type=\"application\/ld+json\" class=\"yoast-schema-graph\">{\"@context\":\"https:\/\/schema.org\",\"@graph\":[{\"@type\":\"WebPage\",\"@id\":\"http:\/\/moduloccanada.jkmprojects.com\/fr\/types-dinstallation\/evenements\/\",\"url\":\"http:\/\/moduloccanada.jkmprojects.com\/fr\/types-dinstallation\/evenements\/\",\"name\":\"Le chef de file pour le contr\u00f4le des foules lors d\u2019\u00e9v\u00e9nements - Moduloc Canada\",\"isPartOf\":{\"@id\":\"http:\/\/moduloccanada.jkmprojects.com\/#website\"},\"datePublished\":\"2017-02-14T19:59:43+00:00\",\"dateModified\":\"2020-06-01T16:11:14+00:00\",\"breadcrumb\":{\"@id\":\"http:\/\/moduloccanada.jkmprojects.com\/fr\/types-dinstallation\/evenements\/#breadcrumb\"},\"inLanguage\":\"fr-CA\",\"potentialAction\":[{\"@type\":\"ReadAction\",\"target\":[\"http:\/\/moduloccanada.jkmprojects.com\/fr\/types-dinstallation\/evenements\/\"]}]},{\"@type\":\"BreadcrumbList\",\"@id\":\"http:\/\/moduloccanada.jkmprojects.com\/fr\/types-dinstallation\/evenements\/#breadcrumb\",\"itemListElement\":[{\"@type\":\"ListItem\",\"position\":1,\"name\":\"Home\",\"item\":\"http:\/\/moduloccanada.jkmprojects.com\/fr\/\"},{\"@type\":\"ListItem\",\"position\":2,\"name\":\"Types d\u2019installation\",\"item\":\"http:\/\/moduloccanada.jkmprojects.com\/fr\/types-dinstallation\/\"},{\"@type\":\"ListItem\",\"position\":3,\"name\":\"Le chef de file pour le contr\u00f4le des foules lors d\u2019\u00e9v\u00e9nements\"}]},{\"@type\":\"WebSite\",\"@id\":\"http:\/\/moduloccanada.jkmprojects.com\/#website\",\"url\":\"http:\/\/moduloccanada.jkmprojects.com\/\",\"name\":\"Moduloc Canada\",\"description\":\"Just another Moduloc Sites site\",\"potentialAction\":[{\"@type\":\"SearchAction\",\"target\":{\"@type\":\"EntryPoint\",\"urlTemplate\":\"http:\/\/moduloccanada.jkmprojects.com\/?s={search_term_string}\"},\"query-input\":\"required name=search_term_string\"}],\"inLanguage\":\"fr-CA\"}]}<\/script>\n<!-- \/ Yoast SEO plugin. -->","yoast_head_json":{"title":"Le chef de file pour le contr\u00f4le des foules lors d\u2019\u00e9v\u00e9nements - Moduloc Canada","robots":{"index":"noindex","follow":"follow","max-snippet":"max-snippet:-1","max-image-preview":"max-image-preview:large","max-video-preview":"max-video-preview:-1"},"og_locale":"fr_CA","og_type":"article","og_title":"Le chef de file pour le contr\u00f4le des foules lors d\u2019\u00e9v\u00e9nements - Moduloc Canada","og_description":"Lorsqu\u2019il s\u2019agit de contr\u00f4le des foules et de confinement des sites pour l\u2019industrie des \u00e9v\u00e9nements sp\u00e9ciaux, nous savons que la s\u00e9curit\u00e9 et la protection contre les regards indiscrets ne sont pas les seules exigences. L\u2019attrait visuel joue aussi un r\u00f4le important. Voil\u00e0 pourquoi nous proposons une foule d\u2019options attrayantes pour des \u00e9v\u00e9nements de tout type et de toute envergure.","og_url":"http:\/\/moduloccanada.jkmprojects.com\/fr\/types-dinstallation\/evenements\/","og_site_name":"Moduloc Canada","article_modified_time":"2020-06-01T16:11:14+00:00","og_image":[{"width":1600,"height":900,"url":"http:\/\/moduloccanada.jkmprojects.com\/wp-content\/uploads\/sites\/2\/2020\/03\/0-Home-Our-Products-Events-2.jpg","type":"image\/jpeg"}],"twitter_card":"summary_large_image","twitter_misc":{"Estimation du temps de lecture":"2 minutes"},"schema":{"@context":"https:\/\/schema.org","@graph":[{"@type":"WebPage","@id":"http:\/\/moduloccanada.jkmprojects.com\/fr\/types-dinstallation\/evenements\/","url":"http:\/\/moduloccanada.jkmprojects.com\/fr\/types-dinstallation\/evenements\/","name":"Le chef de file pour le contr\u00f4le des foules lors d\u2019\u00e9v\u00e9nements - Moduloc Canada","isPartOf":{"@id":"http:\/\/moduloccanada.jkmprojects.com\/#website"},"datePublished":"2017-02-14T19:59:43+00:00","dateModified":"2020-06-01T16:11:14+00:00","breadcrumb":{"@id":"http:\/\/moduloccanada.jkmprojects.com\/fr\/types-dinstallation\/evenements\/#breadcrumb"},"inLanguage":"fr-CA","potentialAction":[{"@type":"ReadAction","target":["http:\/\/moduloccanada.jkmprojects.com\/fr\/types-dinstallation\/evenements\/"]}]},{"@type":"BreadcrumbList","@id":"http:\/\/moduloccanada.jkmprojects.com\/fr\/types-dinstallation\/evenements\/#breadcrumb","itemListElement":[{"@type":"ListItem","position":1,"name":"Home","item":"http:\/\/moduloccanada.jkmprojects.com\/fr\/"},{"@type":"ListItem","position":2,"name":"Types d\u2019installation","item":"http:\/\/moduloccanada.jkmprojects.com\/fr\/types-dinstallation\/"},{"@type":"ListItem","position":3,"name":"Le chef de file pour le contr\u00f4le des foules lors d\u2019\u00e9v\u00e9nements"}]},{"@type":"WebSite","@id":"http:\/\/moduloccanada.jkmprojects.com\/#website","url":"http:\/\/moduloccanada.jkmprojects.com\/","name":"Moduloc Canada","description":"Just another Moduloc Sites site","potentialAction":[{"@type":"SearchAction","target":{"@type":"EntryPoint","urlTemplate":"http:\/\/moduloccanada.jkmprojects.com\/?s={search_term_string}"},"query-input":"required name=search_term_string"}],"inLanguage":"fr-CA"}]}},"_links":{"self":[{"href":"http:\/\/moduloccanada.jkmprojects.com\/fr\/wp-json\/wp\/v2\/pages\/1693"}],"collection":[{"href":"http:\/\/moduloccanada.jkmprojects.com\/fr\/wp-json\/wp\/v2\/pages"}],"about":[{"href":"http:\/\/moduloccanada.jkmprojects.com\/fr\/wp-json\/wp\/v2\/types\/page"}],"author":[{"embeddable":true,"href":"http:\/\/moduloccanada.jkmprojects.com\/fr\/wp-json\/wp\/v2\/users\/1"}],"replies":[{"embeddable":true,"href":"http:\/\/moduloccanada.jkmprojects.com\/fr\/wp-json\/wp\/v2\/comments?post=1693"}],"version-history":[{"count":3,"href":"http:\/\/moduloccanada.jkmprojects.com\/fr\/wp-json\/wp\/v2\/pages\/1693\/revisions"}],"predecessor-version":[{"id":2563,"href":"http:\/\/moduloccanada.jkmprojects.com\/fr\/wp-json\/wp\/v2\/pages\/1693\/revisions\/2563"}],"up":[{"embeddable":true,"href":"http:\/\/moduloccanada.jkmprojects.com\/fr\/wp-json\/wp\/v2\/pages\/1682"}],"wp:featuredmedia":[{"embeddable":true,"href":"http:\/\/moduloccanada.jkmprojects.com\/fr\/wp-json\/wp\/v2\/media\/1254"}],"wp:attachment":[{"href":"http:\/\/moduloccanada.jkmprojects.com\/fr\/wp-json\/wp\/v2\/media?parent=1693"}],"wp:term":[{"taxonomy":"category","embeddable":true,"href":"http:\/\/moduloccanada.jkmprojects.com\/fr\/wp-json\/wp\/v2\/categories?post=1693"}],"curies":[{"name":"wp","href":"https:\/\/api.w.org\/{rel}","templated":true}]}}