{"id":1682,"date":"2017-02-14T20:28:09","date_gmt":"2017-02-14T20:28:09","guid":{"rendered":"http:\/\/ca.moduloc2020.com\/installations\/"},"modified":"2020-03-06T03:03:47","modified_gmt":"2020-03-06T03:03:47","slug":"types-dinstallation","status":"publish","type":"page","link":"http:\/\/moduloccanada.jkmprojects.com\/fr\/types-dinstallation\/","title":{"rendered":"Types d\u2019installation"},"content":{"rendered":"<div class=\"gutter home-difference home-instalation\">\n<h2>Syst\u00e8mes de cl\u00f4tures pour applications vari\u00e9es.<\/h2>\n<p>Des grands \u00e9v\u00e9nements ext\u00e9rieurs n\u00e9cessitant plus de 235 000 pieds lin\u00e9aires de cl\u00f4ture aux petites installations de 40 pieds lin\u00e9aires pour les syst\u00e8mes de protection d\u2019arbres d\u2019une municipalit\u00e9,  nous poss\u00e9dons les produits et l\u2019expertise pour r\u00e9pondre aux besoins de vos diff\u00e9rents types de travaux.<\/p>\n<p>Nos syst\u00e8mes de cl\u00f4tures conviennent \u00e0 des installations int\u00e9rieures et ext\u00e9rieures, et peuvent \u00eatre adapt\u00e9s \u00e0 diff\u00e9rents types de terrains tels que le b\u00e9ton, l\u2019asphalte, l\u2019herbe et les terrains in\u00e9gaux.<\/p>\n<\/div>\n","protected":false},"excerpt":{"rendered":"Syst\u00e8mes de cl\u00f4tures pour applications vari\u00e9es. Des grands \u00e9v\u00e9nements ext\u00e9rieurs n\u00e9cessitant plus de 235 000 pieds lin\u00e9aires de cl\u00f4ture aux petites installations de 40 pieds lin\u00e9aires pour les syst\u00e8mes de protection d\u2019arbres d\u2019une municipalit\u00e9, nous poss\u00e9dons les produits et l\u2019expertise pour r\u00e9pondre aux besoins de vos diff\u00e9rents types de travaux. Nos syst\u00e8mes de cl\u00f4tures conviennent [&hellip;]","protected":false},"author":1,"featured_media":1242,"parent":0,"menu_order":0,"comment_status":"closed","ping_status":"closed","template":"page-installationtypes.php","meta":{"inline_featured_image":false,"footnotes":""},"categories":[83],"acf":[],"yoast_head":"<!-- This site is optimized with the Yoast SEO plugin v21.1 - https:\/\/yoast.com\/wordpress\/plugins\/seo\/ -->\n<title>Types d\u2019installation | Modu-Loc<\/title>\n<meta name=\"robots\" content=\"noindex, follow, max-snippet:-1, max-image-preview:large, max-video-preview:-1\" \/>\n<meta property=\"og:locale\" content=\"fr_CA\" \/>\n<meta property=\"og:type\" content=\"article\" \/>\n<meta property=\"og:title\" content=\"Types d\u2019installation | Modu-Loc\" \/>\n<meta property=\"og:description\" content=\"Syst\u00e8mes de cl\u00f4tures pour applications vari\u00e9es. Des grands \u00e9v\u00e9nements ext\u00e9rieurs n\u00e9cessitant plus de 235 000 pieds lin\u00e9aires de cl\u00f4ture aux petites installations de 40 pieds lin\u00e9aires pour les syst\u00e8mes de protection d\u2019arbres d\u2019une municipalit\u00e9, nous poss\u00e9dons les produits et l\u2019expertise pour r\u00e9pondre aux besoins de vos diff\u00e9rents types de travaux. Nos syst\u00e8mes de cl\u00f4tures conviennent [&hellip;]\" \/>\n<meta property=\"og:url\" content=\"http:\/\/moduloccanada.jkmprojects.com\/fr\/types-dinstallation\/\" \/>\n<meta property=\"og:site_name\" content=\"Moduloc Canada\" \/>\n<meta property=\"article:modified_time\" content=\"2020-03-06T03:03:47+00:00\" \/>\n<meta property=\"og:image\" content=\"http:\/\/moduloccanada.jkmprojects.com\/wp-content\/uploads\/sites\/2\/2020\/03\/Installation-Types-Banner-2.jpg\" \/>\n\t<meta property=\"og:image:width\" content=\"2048\" \/>\n\t<meta property=\"og:image:height\" content=\"1536\" \/>\n\t<meta property=\"og:image:type\" content=\"image\/jpeg\" \/>\n<meta name=\"twitter:card\" content=\"summary_large_image\" \/>\n<meta name=\"twitter:label1\" content=\"Estimation du temps de lecture\" \/>\n\t<meta name=\"twitter:data1\" content=\"1 minute\" \/>\n<script type=\"application\/ld+json\" class=\"yoast-schema-graph\">{\"@context\":\"https:\/\/schema.org\",\"@graph\":[{\"@type\":\"WebPage\",\"@id\":\"http:\/\/moduloccanada.jkmprojects.com\/fr\/types-dinstallation\/\",\"url\":\"http:\/\/moduloccanada.jkmprojects.com\/fr\/types-dinstallation\/\",\"name\":\"Types d\u2019installation | Modu-Loc\",\"isPartOf\":{\"@id\":\"http:\/\/moduloccanada.jkmprojects.com\/#website\"},\"datePublished\":\"2017-02-14T20:28:09+00:00\",\"dateModified\":\"2020-03-06T03:03:47+00:00\",\"breadcrumb\":{\"@id\":\"http:\/\/moduloccanada.jkmprojects.com\/fr\/types-dinstallation\/#breadcrumb\"},\"inLanguage\":\"fr-CA\",\"potentialAction\":[{\"@type\":\"ReadAction\",\"target\":[\"http:\/\/moduloccanada.jkmprojects.com\/fr\/types-dinstallation\/\"]}]},{\"@type\":\"BreadcrumbList\",\"@id\":\"http:\/\/moduloccanada.jkmprojects.com\/fr\/types-dinstallation\/#breadcrumb\",\"itemListElement\":[{\"@type\":\"ListItem\",\"position\":1,\"name\":\"Home\",\"item\":\"http:\/\/moduloccanada.jkmprojects.com\/fr\/\"},{\"@type\":\"ListItem\",\"position\":2,\"name\":\"Types d\u2019installation\"}]},{\"@type\":\"WebSite\",\"@id\":\"http:\/\/moduloccanada.jkmprojects.com\/#website\",\"url\":\"http:\/\/moduloccanada.jkmprojects.com\/\",\"name\":\"Moduloc Canada\",\"description\":\"Just another Moduloc Sites site\",\"potentialAction\":[{\"@type\":\"SearchAction\",\"target\":{\"@type\":\"EntryPoint\",\"urlTemplate\":\"http:\/\/moduloccanada.jkmprojects.com\/?s={search_term_string}\"},\"query-input\":\"required name=search_term_string\"}],\"inLanguage\":\"fr-CA\"}]}<\/script>\n<!-- \/ Yoast SEO plugin. -->","yoast_head_json":{"title":"Types d\u2019installation | Modu-Loc","robots":{"index":"noindex","follow":"follow","max-snippet":"max-snippet:-1","max-image-preview":"max-image-preview:large","max-video-preview":"max-video-preview:-1"},"og_locale":"fr_CA","og_type":"article","og_title":"Types d\u2019installation | Modu-Loc","og_description":"Syst\u00e8mes de cl\u00f4tures pour applications vari\u00e9es. Des grands \u00e9v\u00e9nements ext\u00e9rieurs n\u00e9cessitant plus de 235 000 pieds lin\u00e9aires de cl\u00f4ture aux petites installations de 40 pieds lin\u00e9aires pour les syst\u00e8mes de protection d\u2019arbres d\u2019une municipalit\u00e9, nous poss\u00e9dons les produits et l\u2019expertise pour r\u00e9pondre aux besoins de vos diff\u00e9rents types de travaux. Nos syst\u00e8mes de cl\u00f4tures conviennent [&hellip;]","og_url":"http:\/\/moduloccanada.jkmprojects.com\/fr\/types-dinstallation\/","og_site_name":"Moduloc Canada","article_modified_time":"2020-03-06T03:03:47+00:00","og_image":[{"width":2048,"height":1536,"url":"http:\/\/moduloccanada.jkmprojects.com\/wp-content\/uploads\/sites\/2\/2020\/03\/Installation-Types-Banner-2.jpg","type":"image\/jpeg"}],"twitter_card":"summary_large_image","twitter_misc":{"Estimation du temps de lecture":"1 minute"},"schema":{"@context":"https:\/\/schema.org","@graph":[{"@type":"WebPage","@id":"http:\/\/moduloccanada.jkmprojects.com\/fr\/types-dinstallation\/","url":"http:\/\/moduloccanada.jkmprojects.com\/fr\/types-dinstallation\/","name":"Types d\u2019installation | Modu-Loc","isPartOf":{"@id":"http:\/\/moduloccanada.jkmprojects.com\/#website"},"datePublished":"2017-02-14T20:28:09+00:00","dateModified":"2020-03-06T03:03:47+00:00","breadcrumb":{"@id":"http:\/\/moduloccanada.jkmprojects.com\/fr\/types-dinstallation\/#breadcrumb"},"inLanguage":"fr-CA","potentialAction":[{"@type":"ReadAction","target":["http:\/\/moduloccanada.jkmprojects.com\/fr\/types-dinstallation\/"]}]},{"@type":"BreadcrumbList","@id":"http:\/\/moduloccanada.jkmprojects.com\/fr\/types-dinstallation\/#breadcrumb","itemListElement":[{"@type":"ListItem","position":1,"name":"Home","item":"http:\/\/moduloccanada.jkmprojects.com\/fr\/"},{"@type":"ListItem","position":2,"name":"Types d\u2019installation"}]},{"@type":"WebSite","@id":"http:\/\/moduloccanada.jkmprojects.com\/#website","url":"http:\/\/moduloccanada.jkmprojects.com\/","name":"Moduloc Canada","description":"Just another Moduloc Sites site","potentialAction":[{"@type":"SearchAction","target":{"@type":"EntryPoint","urlTemplate":"http:\/\/moduloccanada.jkmprojects.com\/?s={search_term_string}"},"query-input":"required name=search_term_string"}],"inLanguage":"fr-CA"}]}},"_links":{"self":[{"href":"http:\/\/moduloccanada.jkmprojects.com\/fr\/wp-json\/wp\/v2\/pages\/1682"}],"collection":[{"href":"http:\/\/moduloccanada.jkmprojects.com\/fr\/wp-json\/wp\/v2\/pages"}],"about":[{"href":"http:\/\/moduloccanada.jkmprojects.com\/fr\/wp-json\/wp\/v2\/types\/page"}],"author":[{"embeddable":true,"href":"http:\/\/moduloccanada.jkmprojects.com\/fr\/wp-json\/wp\/v2\/users\/1"}],"replies":[{"embeddable":true,"href":"http:\/\/moduloccanada.jkmprojects.com\/fr\/wp-json\/wp\/v2\/comments?post=1682"}],"version-history":[{"count":1,"href":"http:\/\/moduloccanada.jkmprojects.com\/fr\/wp-json\/wp\/v2\/pages\/1682\/revisions"}],"predecessor-version":[{"id":1683,"href":"http:\/\/moduloccanada.jkmprojects.com\/fr\/wp-json\/wp\/v2\/pages\/1682\/revisions\/1683"}],"wp:featuredmedia":[{"embeddable":true,"href":"http:\/\/moduloccanada.jkmprojects.com\/fr\/wp-json\/wp\/v2\/media\/1242"}],"wp:attachment":[{"href":"http:\/\/moduloccanada.jkmprojects.com\/fr\/wp-json\/wp\/v2\/media?parent=1682"}],"wp:term":[{"taxonomy":"category","embeddable":true,"href":"http:\/\/moduloccanada.jkmprojects.com\/fr\/wp-json\/wp\/v2\/categories?post=1682"}],"curies":[{"name":"wp","href":"https:\/\/api.w.org\/{rel}","templated":true}]}}