{"id":1676,"date":"2017-02-14T21:18:18","date_gmt":"2017-02-14T21:18:18","guid":{"rendered":"http:\/\/ca.moduloc2020.com\/contact-us-modu-loc\/"},"modified":"2020-03-31T20:31:50","modified_gmt":"2020-03-31T20:31:50","slug":"contactez-nous","status":"publish","type":"page","link":"http:\/\/moduloccanada.jkmprojects.com\/fr\/contactez-nous\/","title":{"rendered":"Contactez-nous"},"content":{"rendered":"<section class=\"about-intro back-section full-bleed\">\n<div class=\"cont-holder\">\n<div class=\"gutter\">\n<p>Nous effor\u00e7ons de r\u00e9pondre \u00e0 tous vos besoins de cl\u00f4tures et serions heureux de r\u00e9pondre \u00e0 toutes vos questions concernant nos produits ou services. Veuillez utiliser l\u2019information ci-apr\u00e8s pour communiquer avec Modu-Loc d\u00e8s aujourd\u2019hui. Ou appelez-nous sans frais au :<\/p>\n<p><span itemprop=\"telephone\"><a href=\"tel:+18775228371\" rel=\"nofollow\">1-877-522-8371<\/a><\/span><\/p>\n<div class=\"clear-fix\"><\/div>\n<\/div>\n<\/div>\n<\/section>\n","protected":false},"excerpt":{"rendered":"Nous effor\u00e7ons de r\u00e9pondre \u00e0 tous vos besoins de cl\u00f4tures et serions heureux de r\u00e9pondre \u00e0 toutes vos questions concernant nos produits ou services. Veuillez utiliser l\u2019information ci-apr\u00e8s pour communiquer avec Modu-Loc d\u00e8s aujourd\u2019hui. Ou appelez-nous sans frais au : 1-877-522-8371","protected":false},"author":1,"featured_media":1205,"parent":0,"menu_order":0,"comment_status":"closed","ping_status":"closed","template":"page-contact.php","meta":{"inline_featured_image":false,"footnotes":""},"categories":[],"acf":[],"yoast_head":"<!-- This site is optimized with the Yoast SEO plugin v21.1 - https:\/\/yoast.com\/wordpress\/plugins\/seo\/ -->\n<title>CONTACTEZ-NOUS | Modu-Loc<\/title>\n<meta name=\"robots\" content=\"noindex, follow, max-snippet:-1, max-image-preview:large, max-video-preview:-1\" \/>\n<meta property=\"og:locale\" content=\"fr_CA\" \/>\n<meta property=\"og:type\" content=\"article\" \/>\n<meta property=\"og:title\" content=\"CONTACTEZ-NOUS | Modu-Loc\" \/>\n<meta property=\"og:description\" content=\"Nous effor\u00e7ons de r\u00e9pondre \u00e0 tous vos besoins de cl\u00f4tures et serions heureux de r\u00e9pondre \u00e0 toutes vos questions concernant nos produits ou services. Veuillez utiliser l\u2019information ci-apr\u00e8s pour communiquer avec Modu-Loc d\u00e8s aujourd\u2019hui. Ou appelez-nous sans frais au : 1-877-522-8371\" \/>\n<meta property=\"og:url\" content=\"http:\/\/moduloccanada.jkmprojects.com\/fr\/contactez-nous\/\" \/>\n<meta property=\"og:site_name\" content=\"Moduloc Canada\" \/>\n<meta property=\"article:modified_time\" content=\"2020-03-31T20:31:50+00:00\" \/>\n<meta property=\"og:image\" content=\"http:\/\/moduloccanada.jkmprojects.com\/wp-content\/uploads\/sites\/2\/2020\/03\/Contact-Us-Banner-2-2-scaled.jpg\" \/>\n\t<meta property=\"og:image:width\" content=\"2560\" \/>\n\t<meta property=\"og:image:height\" content=\"1440\" \/>\n\t<meta property=\"og:image:type\" content=\"image\/jpeg\" \/>\n<meta name=\"twitter:card\" content=\"summary_large_image\" \/>\n<script type=\"application\/ld+json\" class=\"yoast-schema-graph\">{\"@context\":\"https:\/\/schema.org\",\"@graph\":[{\"@type\":\"WebPage\",\"@id\":\"http:\/\/moduloccanada.jkmprojects.com\/fr\/contactez-nous\/\",\"url\":\"http:\/\/moduloccanada.jkmprojects.com\/fr\/contactez-nous\/\",\"name\":\"CONTACTEZ-NOUS | Modu-Loc\",\"isPartOf\":{\"@id\":\"http:\/\/moduloccanada.jkmprojects.com\/#website\"},\"datePublished\":\"2017-02-14T21:18:18+00:00\",\"dateModified\":\"2020-03-31T20:31:50+00:00\",\"breadcrumb\":{\"@id\":\"http:\/\/moduloccanada.jkmprojects.com\/fr\/contactez-nous\/#breadcrumb\"},\"inLanguage\":\"fr-CA\",\"potentialAction\":[{\"@type\":\"ReadAction\",\"target\":[\"http:\/\/moduloccanada.jkmprojects.com\/fr\/contactez-nous\/\"]}]},{\"@type\":\"BreadcrumbList\",\"@id\":\"http:\/\/moduloccanada.jkmprojects.com\/fr\/contactez-nous\/#breadcrumb\",\"itemListElement\":[{\"@type\":\"ListItem\",\"position\":1,\"name\":\"Home\",\"item\":\"http:\/\/moduloccanada.jkmprojects.com\/fr\/\"},{\"@type\":\"ListItem\",\"position\":2,\"name\":\"Contactez-nous\"}]},{\"@type\":\"WebSite\",\"@id\":\"http:\/\/moduloccanada.jkmprojects.com\/#website\",\"url\":\"http:\/\/moduloccanada.jkmprojects.com\/\",\"name\":\"Moduloc Canada\",\"description\":\"Just another Moduloc Sites site\",\"potentialAction\":[{\"@type\":\"SearchAction\",\"target\":{\"@type\":\"EntryPoint\",\"urlTemplate\":\"http:\/\/moduloccanada.jkmprojects.com\/?s={search_term_string}\"},\"query-input\":\"required name=search_term_string\"}],\"inLanguage\":\"fr-CA\"}]}<\/script>\n<!-- \/ Yoast SEO plugin. -->","yoast_head_json":{"title":"CONTACTEZ-NOUS | Modu-Loc","robots":{"index":"noindex","follow":"follow","max-snippet":"max-snippet:-1","max-image-preview":"max-image-preview:large","max-video-preview":"max-video-preview:-1"},"og_locale":"fr_CA","og_type":"article","og_title":"CONTACTEZ-NOUS | Modu-Loc","og_description":"Nous effor\u00e7ons de r\u00e9pondre \u00e0 tous vos besoins de cl\u00f4tures et serions heureux de r\u00e9pondre \u00e0 toutes vos questions concernant nos produits ou services. Veuillez utiliser l\u2019information ci-apr\u00e8s pour communiquer avec Modu-Loc d\u00e8s aujourd\u2019hui. Ou appelez-nous sans frais au : 1-877-522-8371","og_url":"http:\/\/moduloccanada.jkmprojects.com\/fr\/contactez-nous\/","og_site_name":"Moduloc Canada","article_modified_time":"2020-03-31T20:31:50+00:00","og_image":[{"width":2560,"height":1440,"url":"http:\/\/moduloccanada.jkmprojects.com\/wp-content\/uploads\/sites\/2\/2020\/03\/Contact-Us-Banner-2-2-scaled.jpg","type":"image\/jpeg"}],"twitter_card":"summary_large_image","schema":{"@context":"https:\/\/schema.org","@graph":[{"@type":"WebPage","@id":"http:\/\/moduloccanada.jkmprojects.com\/fr\/contactez-nous\/","url":"http:\/\/moduloccanada.jkmprojects.com\/fr\/contactez-nous\/","name":"CONTACTEZ-NOUS | Modu-Loc","isPartOf":{"@id":"http:\/\/moduloccanada.jkmprojects.com\/#website"},"datePublished":"2017-02-14T21:18:18+00:00","dateModified":"2020-03-31T20:31:50+00:00","breadcrumb":{"@id":"http:\/\/moduloccanada.jkmprojects.com\/fr\/contactez-nous\/#breadcrumb"},"inLanguage":"fr-CA","potentialAction":[{"@type":"ReadAction","target":["http:\/\/moduloccanada.jkmprojects.com\/fr\/contactez-nous\/"]}]},{"@type":"BreadcrumbList","@id":"http:\/\/moduloccanada.jkmprojects.com\/fr\/contactez-nous\/#breadcrumb","itemListElement":[{"@type":"ListItem","position":1,"name":"Home","item":"http:\/\/moduloccanada.jkmprojects.com\/fr\/"},{"@type":"ListItem","position":2,"name":"Contactez-nous"}]},{"@type":"WebSite","@id":"http:\/\/moduloccanada.jkmprojects.com\/#website","url":"http:\/\/moduloccanada.jkmprojects.com\/","name":"Moduloc Canada","description":"Just another Moduloc Sites site","potentialAction":[{"@type":"SearchAction","target":{"@type":"EntryPoint","urlTemplate":"http:\/\/moduloccanada.jkmprojects.com\/?s={search_term_string}"},"query-input":"required name=search_term_string"}],"inLanguage":"fr-CA"}]}},"_links":{"self":[{"href":"http:\/\/moduloccanada.jkmprojects.com\/fr\/wp-json\/wp\/v2\/pages\/1676"}],"collection":[{"href":"http:\/\/moduloccanada.jkmprojects.com\/fr\/wp-json\/wp\/v2\/pages"}],"about":[{"href":"http:\/\/moduloccanada.jkmprojects.com\/fr\/wp-json\/wp\/v2\/types\/page"}],"author":[{"embeddable":true,"href":"http:\/\/moduloccanada.jkmprojects.com\/fr\/wp-json\/wp\/v2\/users\/1"}],"replies":[{"embeddable":true,"href":"http:\/\/moduloccanada.jkmprojects.com\/fr\/wp-json\/wp\/v2\/comments?post=1676"}],"version-history":[{"count":2,"href":"http:\/\/moduloccanada.jkmprojects.com\/fr\/wp-json\/wp\/v2\/pages\/1676\/revisions"}],"predecessor-version":[{"id":2381,"href":"http:\/\/moduloccanada.jkmprojects.com\/fr\/wp-json\/wp\/v2\/pages\/1676\/revisions\/2381"}],"wp:featuredmedia":[{"embeddable":true,"href":"http:\/\/moduloccanada.jkmprojects.com\/fr\/wp-json\/wp\/v2\/media\/1205"}],"wp:attachment":[{"href":"http:\/\/moduloccanada.jkmprojects.com\/fr\/wp-json\/wp\/v2\/media?parent=1676"}],"wp:term":[{"taxonomy":"category","embeddable":true,"href":"http:\/\/moduloccanada.jkmprojects.com\/fr\/wp-json\/wp\/v2\/categories?post=1676"}],"curies":[{"name":"wp","href":"https:\/\/api.w.org\/{rel}","templated":true}]}}