{"id":1673,"date":"2017-02-16T15:20:38","date_gmt":"2017-02-16T15:20:38","guid":{"rendered":"http:\/\/ca.moduloc2020.com\/careers\/"},"modified":"2020-03-05T22:37:47","modified_gmt":"2020-03-05T22:37:47","slug":"careers","status":"publish","type":"page","link":"http:\/\/moduloccanada.jkmprojects.com\/fr\/careers\/","title":{"rendered":"Carri\u00e8res"},"content":{"rendered":"<div class=\"m-row moduloc-video-text-block\">\n<div class=\"m-col lg-6 sm-dk-12\">\n<div class=\"video-wrapper\">\n<div class=\"youtube\" data-embed=\"QDStYAziLzg\" data-thumbnail=\"\/wp-content\/uploads\/sites\/2\/2020\/03\/career_video_thumbnail.jpg\">\n<div class=\"play-button\"><\/div>\n<\/p><\/div>\n<\/div>\n<\/div>\n<div class=\"m-col lg-6 sm-dk-12\">\n<h2 class=\"wp\">Faire partie de l&rsquo;\u00e9quipe Modu-Loc <\/h2>\n<p class=\"wp gutter\">Modu-Loc offre un environnement stimulant et plaisant qui peut vous aider \u00e0 acqu\u00e9rir les connaissances, les comp\u00e9tences et les relations n\u00e9cessaires pour soutenir votre future carri\u00e8re. Modu-Loc vous offre la possibilit\u00e9 de mettre votre chaise de bureau de c\u00f4t\u00e9 et de d\u00e9couvrir les coulisses de certains des meilleurs \u00e9v\u00e9nements et festivals du pays. Nous sommes en effet une entreprise de cl\u00f4ture, toutefois notre v\u00e9ritable passion, c&rsquo;est les gens.<\/p>\n<p><a class=\"careers-btn btn btn-orange gutter wp\" href=\"#career-tiles\">Consultez nos offres d&#8217;emploi <img decoding=\"async\" src=\"\/wp-content\/themes\/moduloc\/images\/btnArrowDark.png\" alt=\"\"><\/a>\n<\/div>\n<\/div>\n<div class=\"careers-values\">\n<h2 class=\"wp\">Valeurs et avantages <\/h2>\n<p>De la r\u00e9mun\u00e9ration concurrentielle \u00e0 l\u2019environnement familial, plusieurs facteurs expliquent pourquoi nous avons \u00e9t\u00e9 reconnus comme l&rsquo;une des soci\u00e9t\u00e9s les mieux g\u00e9r\u00e9es au Canada chaque ann\u00e9e depuis 6 ans.<\/p>\n<div class=\"careers-info\">\n<div class=\"info-holder\">\n      <img decoding=\"async\" src=\"\/wp-content\/uploads\/sites\/2\/2020\/03\/careersIcon_Colab.png\" alt=\"\"><\/p>\n<h3>COLLABORATION ET TRAVAIL D&rsquo;\u00c9QUIPE<\/h3>\n<p class=\"wp\">Nous sommes en mesure de tenir nos engagements car nous travaillons en \u00e9quipe tout en faisant preuve de respect l&rsquo;un envers l&rsquo;autre.<\/p>\n<\/p><\/div>\n<div class=\"info-holder\">\n     <img decoding=\"async\" src=\"\/wp-content\/uploads\/sites\/2\/2020\/03\/careersIcon_Family.png\" alt=\"\"><\/p>\n<h3>FAMILLE ET BIEN-\u00caTRE <\/h3>\n<p class=\"wp\">Cultiver un esprit de famille et une culture plaisante est l\u2019une de nos valeurs fondamentales \u2014 c\u2019est la raison pour laquelle nous nous engageons \u00e0 organiser des \u00e9v\u00e9nements tels que nos formidables barbecues d\u2019\u00e9t\u00e9.<\/p>\n<\/p><\/div>\n<div class=\"info-holder\">\n     <img decoding=\"async\" src=\"\/wp-content\/uploads\/sites\/2\/2020\/03\/careersIcon_Shield.png\" alt=\"\"><\/p>\n<h3>S\u00c9CURIT\u00c9 ET RESPONSABILIT\u00c9 <\/h3>\n<p class=\"wp\">La s\u00e9curit\u00e9 et la protection sont essentielles \u00e0 notre entreprise. Nous assumons toujours la responsabilit\u00e9 de notre propre s\u00e9curit\u00e9 et de celle de notre entourage.<\/p>\n<\/p><\/div>\n<div class=\"info-holder\">\n<img decoding=\"async\" src=\"\/wp-content\/uploads\/sites\/2\/2020\/03\/careersIcon_Employee.png\" alt=\"\"><\/p>\n<h3>FONDS DE PARRAINAGE DESTIN\u00c9 AUX EMPLOY\u00c9S <\/h3>\n<p class=\"wp\">Chaque ann\u00e9e, nous pr\u00e9voyons environ <nobr>10 000 $<\/nobr> pour parrainer les activit\u00e9s paraprofessionnelles et philanthropiques organis\u00e9es par nos employ\u00e9s.<\/p>\n<\/p><\/div>\n<div class=\"info-holder\">\n      <img decoding=\"async\" src=\"\/wp-content\/uploads\/sites\/2\/2020\/03\/careersIcon_Ribbon.png\" alt=\"\"><\/p>\n<h3>PROGRAMME DE RECONNAISSANCE DES EMPLOY\u00c9S <\/h3>\n<p class=\"wp\">Des cadeaux de Modu-Loc, des cartes-cadeaux, ou encore des jours de vacances suppl\u00e9mentaires \u2013 ce ne sont l\u00e0 que quelques-unes des fa\u00e7ons dont nous r\u00e9compensons la fid\u00e9lit\u00e9 et l&rsquo;engagement de nos employ\u00e9s.  <\/p>\n<\/p><\/div>\n<div class=\"info-holder\">\n      <img decoding=\"async\" src=\"\/wp-content\/uploads\/sites\/2\/2020\/03\/careersIcon_Vest.png\" alt=\"\"><\/p>\n<h3>ALLOCATION POUR UNIFORMES <\/h3>\n<p class=\"wp\">Nous aidons \u00e0 couvrir le co\u00fbt des uniformes et des bottes. Si vous n\u2019avez pas besoin de porter un uniforme, vous aurez toujours facilement acc\u00e8s aux cadeaux de Modu-Loc gr\u00e2ce \u00e0 notre allocation vestimentaire annuelle.<\/p>\n<\/p><\/div>\n<\/div>\n<\/div>\n","protected":false},"excerpt":{"rendered":"Faire partie de l&rsquo;\u00e9quipe Modu-Loc Modu-Loc offre un environnement stimulant et plaisant qui peut vous aider \u00e0 acqu\u00e9rir les connaissances, les comp\u00e9tences et les relations n\u00e9cessaires pour soutenir votre future carri\u00e8re. Modu-Loc vous offre la possibilit\u00e9 de mettre votre chaise de bureau de c\u00f4t\u00e9 et de d\u00e9couvrir les coulisses de certains des meilleurs \u00e9v\u00e9nements et [&hellip;]","protected":false},"author":1,"featured_media":1518,"parent":0,"menu_order":0,"comment_status":"closed","ping_status":"closed","template":"page-careers.php","meta":{"inline_featured_image":false,"footnotes":""},"categories":[],"acf":[],"yoast_head":"<!-- This site is optimized with the Yoast SEO plugin v21.1 - https:\/\/yoast.com\/wordpress\/plugins\/seo\/ -->\n<title>Carri\u00e8res | Modu-Loc<\/title>\n<meta name=\"robots\" content=\"noindex, follow, max-snippet:-1, max-image-preview:large, max-video-preview:-1\" \/>\n<meta property=\"og:locale\" content=\"fr_CA\" \/>\n<meta property=\"og:type\" content=\"article\" \/>\n<meta property=\"og:title\" content=\"Carri\u00e8res | Modu-Loc\" \/>\n<meta property=\"og:description\" content=\"Faire partie de l&rsquo;\u00e9quipe Modu-Loc Modu-Loc offre un environnement stimulant et plaisant qui peut vous aider \u00e0 acqu\u00e9rir les connaissances, les comp\u00e9tences et les relations n\u00e9cessaires pour soutenir votre future carri\u00e8re. Modu-Loc vous offre la possibilit\u00e9 de mettre votre chaise de bureau de c\u00f4t\u00e9 et de d\u00e9couvrir les coulisses de certains des meilleurs \u00e9v\u00e9nements et [&hellip;]\" \/>\n<meta property=\"og:url\" content=\"http:\/\/moduloccanada.jkmprojects.com\/fr\/careers\/\" \/>\n<meta property=\"og:site_name\" content=\"Moduloc Canada\" \/>\n<meta property=\"article:modified_time\" content=\"2020-03-05T22:37:47+00:00\" \/>\n<meta property=\"og:image\" content=\"http:\/\/moduloccanada.jkmprojects.com\/wp-content\/uploads\/sites\/2\/2019\/05\/bg-careers.jpg\" \/>\n\t<meta property=\"og:image:width\" content=\"1800\" \/>\n\t<meta property=\"og:image:height\" content=\"700\" \/>\n\t<meta property=\"og:image:type\" content=\"image\/jpeg\" \/>\n<meta name=\"twitter:card\" content=\"summary_large_image\" \/>\n<meta name=\"twitter:label1\" content=\"Estimation du temps de lecture\" \/>\n\t<meta name=\"twitter:data1\" content=\"2 minutes\" \/>\n<script type=\"application\/ld+json\" class=\"yoast-schema-graph\">{\"@context\":\"https:\/\/schema.org\",\"@graph\":[{\"@type\":\"WebPage\",\"@id\":\"http:\/\/moduloccanada.jkmprojects.com\/fr\/careers\/\",\"url\":\"http:\/\/moduloccanada.jkmprojects.com\/fr\/careers\/\",\"name\":\"Carri\u00e8res | Modu-Loc\",\"isPartOf\":{\"@id\":\"http:\/\/moduloccanada.jkmprojects.com\/#website\"},\"datePublished\":\"2017-02-16T15:20:38+00:00\",\"dateModified\":\"2020-03-05T22:37:47+00:00\",\"breadcrumb\":{\"@id\":\"http:\/\/moduloccanada.jkmprojects.com\/fr\/careers\/#breadcrumb\"},\"inLanguage\":\"fr-CA\",\"potentialAction\":[{\"@type\":\"ReadAction\",\"target\":[\"http:\/\/moduloccanada.jkmprojects.com\/fr\/careers\/\"]}]},{\"@type\":\"BreadcrumbList\",\"@id\":\"http:\/\/moduloccanada.jkmprojects.com\/fr\/careers\/#breadcrumb\",\"itemListElement\":[{\"@type\":\"ListItem\",\"position\":1,\"name\":\"Home\",\"item\":\"http:\/\/moduloccanada.jkmprojects.com\/fr\/\"},{\"@type\":\"ListItem\",\"position\":2,\"name\":\"Carri\u00e8res\"}]},{\"@type\":\"WebSite\",\"@id\":\"http:\/\/moduloccanada.jkmprojects.com\/#website\",\"url\":\"http:\/\/moduloccanada.jkmprojects.com\/\",\"name\":\"Moduloc Canada\",\"description\":\"Just another Moduloc Sites site\",\"potentialAction\":[{\"@type\":\"SearchAction\",\"target\":{\"@type\":\"EntryPoint\",\"urlTemplate\":\"http:\/\/moduloccanada.jkmprojects.com\/?s={search_term_string}\"},\"query-input\":\"required name=search_term_string\"}],\"inLanguage\":\"fr-CA\"}]}<\/script>\n<!-- \/ Yoast SEO plugin. -->","yoast_head_json":{"title":"Carri\u00e8res | Modu-Loc","robots":{"index":"noindex","follow":"follow","max-snippet":"max-snippet:-1","max-image-preview":"max-image-preview:large","max-video-preview":"max-video-preview:-1"},"og_locale":"fr_CA","og_type":"article","og_title":"Carri\u00e8res | Modu-Loc","og_description":"Faire partie de l&rsquo;\u00e9quipe Modu-Loc Modu-Loc offre un environnement stimulant et plaisant qui peut vous aider \u00e0 acqu\u00e9rir les connaissances, les comp\u00e9tences et les relations n\u00e9cessaires pour soutenir votre future carri\u00e8re. Modu-Loc vous offre la possibilit\u00e9 de mettre votre chaise de bureau de c\u00f4t\u00e9 et de d\u00e9couvrir les coulisses de certains des meilleurs \u00e9v\u00e9nements et [&hellip;]","og_url":"http:\/\/moduloccanada.jkmprojects.com\/fr\/careers\/","og_site_name":"Moduloc Canada","article_modified_time":"2020-03-05T22:37:47+00:00","og_image":[{"width":1800,"height":700,"url":"http:\/\/moduloccanada.jkmprojects.com\/wp-content\/uploads\/sites\/2\/2019\/05\/bg-careers.jpg","type":"image\/jpeg"}],"twitter_card":"summary_large_image","twitter_misc":{"Estimation du temps de lecture":"2 minutes"},"schema":{"@context":"https:\/\/schema.org","@graph":[{"@type":"WebPage","@id":"http:\/\/moduloccanada.jkmprojects.com\/fr\/careers\/","url":"http:\/\/moduloccanada.jkmprojects.com\/fr\/careers\/","name":"Carri\u00e8res | Modu-Loc","isPartOf":{"@id":"http:\/\/moduloccanada.jkmprojects.com\/#website"},"datePublished":"2017-02-16T15:20:38+00:00","dateModified":"2020-03-05T22:37:47+00:00","breadcrumb":{"@id":"http:\/\/moduloccanada.jkmprojects.com\/fr\/careers\/#breadcrumb"},"inLanguage":"fr-CA","potentialAction":[{"@type":"ReadAction","target":["http:\/\/moduloccanada.jkmprojects.com\/fr\/careers\/"]}]},{"@type":"BreadcrumbList","@id":"http:\/\/moduloccanada.jkmprojects.com\/fr\/careers\/#breadcrumb","itemListElement":[{"@type":"ListItem","position":1,"name":"Home","item":"http:\/\/moduloccanada.jkmprojects.com\/fr\/"},{"@type":"ListItem","position":2,"name":"Carri\u00e8res"}]},{"@type":"WebSite","@id":"http:\/\/moduloccanada.jkmprojects.com\/#website","url":"http:\/\/moduloccanada.jkmprojects.com\/","name":"Moduloc Canada","description":"Just another Moduloc Sites site","potentialAction":[{"@type":"SearchAction","target":{"@type":"EntryPoint","urlTemplate":"http:\/\/moduloccanada.jkmprojects.com\/?s={search_term_string}"},"query-input":"required name=search_term_string"}],"inLanguage":"fr-CA"}]}},"_links":{"self":[{"href":"http:\/\/moduloccanada.jkmprojects.com\/fr\/wp-json\/wp\/v2\/pages\/1673"}],"collection":[{"href":"http:\/\/moduloccanada.jkmprojects.com\/fr\/wp-json\/wp\/v2\/pages"}],"about":[{"href":"http:\/\/moduloccanada.jkmprojects.com\/fr\/wp-json\/wp\/v2\/types\/page"}],"author":[{"embeddable":true,"href":"http:\/\/moduloccanada.jkmprojects.com\/fr\/wp-json\/wp\/v2\/users\/1"}],"replies":[{"embeddable":true,"href":"http:\/\/moduloccanada.jkmprojects.com\/fr\/wp-json\/wp\/v2\/comments?post=1673"}],"version-history":[{"count":5,"href":"http:\/\/moduloccanada.jkmprojects.com\/fr\/wp-json\/wp\/v2\/pages\/1673\/revisions"}],"predecessor-version":[{"id":2212,"href":"http:\/\/moduloccanada.jkmprojects.com\/fr\/wp-json\/wp\/v2\/pages\/1673\/revisions\/2212"}],"wp:featuredmedia":[{"embeddable":true,"href":"http:\/\/moduloccanada.jkmprojects.com\/fr\/wp-json\/wp\/v2\/media\/1518"}],"wp:attachment":[{"href":"http:\/\/moduloccanada.jkmprojects.com\/fr\/wp-json\/wp\/v2\/media?parent=1673"}],"wp:term":[{"taxonomy":"category","embeddable":true,"href":"http:\/\/moduloccanada.jkmprojects.com\/fr\/wp-json\/wp\/v2\/categories?post=1673"}],"curies":[{"name":"wp","href":"https:\/\/api.w.org\/{rel}","templated":true}]}}