{"id":1646,"date":"2017-02-13T20:31:32","date_gmt":"2017-02-13T20:31:32","guid":{"rendered":"http:\/\/ca.moduloc2020.com\/about\/"},"modified":"2020-06-01T15:36:32","modified_gmt":"2020-06-01T15:36:32","slug":"a-propos-de-nous","status":"publish","type":"page","link":"http:\/\/moduloccanada.jkmprojects.com\/fr\/a-propos-de-nous\/","title":{"rendered":"\u00c0 propos de nous"},"content":{"rendered":"<section class=\"about-intro full-bleed\">\n<div class=\"cont-holder\">\n<div class=\"gutter\">\n<h2>Notre exp\u00e9rience<\/h2>\n<p>En fournissant des solutions de confinement de sites \u00e0 nos clients canadiens et am\u00e9ricains depuis 1996, nous nous sommes taill\u00e9s une r\u00e9putation de chef de file dans l\u2019industrie de la location de cl\u00f4tures. Les solutions de cl\u00f4tures temporaires que nous proposons continuent d\u2019atteindre et de surpasser les besoins de nos divers clients dans les domaines de la construction, des \u00e9v\u00e9nements sp\u00e9ciaux et du commerce de d\u00e9tail ainsi que dans l\u2019industrie et dans les municipalit\u00e9s.<\/p>\n<p>&nbsp;<\/p>\n<p>Des organisations de haute renomm\u00e9e telles que la GRC et le SCRS font confiance \u00e0 nos produits pour assurer la s\u00e9curit\u00e9 de leurs \u00e9v\u00e9nements tels que les Jeux Olympiques de Vancouver. D\u2019autres \u00e9v\u00e9nements \u00e0 haute couverture m\u00e9diatique incluent les courses automobiles \u00e0 Miami, les festivals de musique \u00e0 Buffalo et les comp\u00e9titions de sports extr\u00eames \u00e0 San Diego. Plus r\u00e9cemment, Modu-Loc fut responsable de desservir plus de 60 sites pour les Jeux panam\u00e9ricains et parapanam\u00e9ricains de Toronto 2015.<\/p>\n<div class=\"clear-fix\"><\/div>\n<\/div>\n<\/div>\n<\/section>\n<section class=\"page-divider-about\">\n<div class=\"full-bleed\">\n<div class=\"cont-holder\">\n<div class=\"gutter page-divider-content\">\n<h2>Emplacements \u00e0 travers l\u2019Am\u00e9rique du Nord<\/h2>\n<p>Avec 15 emplacements \u00e0 travers le Canada et trois aux \u00c9tats-Unis, il y a un site de location de cl\u00f4tures Modu-Loc proche de chez vous.<\/p>\n<div class=\"btn btn-orange\">CONTACTEZ-NOUS <img decoding=\"async\" src=\"\/wp-content\/uploads\/2017\/02\/btnArrowDark.png\" alt=\"\" \/><\/div>\n<p>&nbsp;<\/p>\n<\/div>\n<\/div>\n<\/div>\n<\/section>\n<section class=\"full-bleed home-difference\">\n<div class=\"cont-holder\">\n<h2>Nos valeurs fondamentales<\/h2>\n<p>Chez Modu-Loc, nos valeurs fondamentales servent de code de conduite \u00e0 observer par chacun de nos employ\u00e9s. Ces valeurs fondamentales nous aident \u00e0 faire en sorte que nos clients re\u00e7oivent le plus haut niveau de service de l\u2019industrie.<\/p>\n<div class=\"tile-holder gutter\">\n<div class=\"blurb\">\n<p><img decoding=\"async\" src=\"\/wp-content\/uploads\/2017\/02\/difference_icon1.png\" alt=\"\" \/><\/p>\n<h3><span class=\"blurb-title\"><br \/>\nSERVICE D\u2019EXCELLENCE FIABLE<br \/>\n<\/span><\/h3>\n<p>Honorer notre engagement qui consiste \u00e0 offrir un service \u00e0 la client\u00e8le de tout premier ordre.<\/p>\n<\/div>\n<div class=\"blurb\">\n<p><img decoding=\"async\" src=\"\/wp-content\/uploads\/2017\/02\/difference_icon4.png\" alt=\"\" \/><\/p>\n<h3><span class=\"blurb-title\"><br \/>\nSTABILIT\u00c9 ET FIABILIT\u00c9<br \/>\n<\/span><\/h3>\n<p>R\u00e9pondre aux attentes de nos clients de mani\u00e8re fiable et constante.<\/p>\n<\/div>\n<div class=\"blurb\">\n<p><img decoding=\"async\" src=\"\/wp-content\/uploads\/2017\/02\/difference_icon3.png\" alt=\"\" \/><\/p>\n<h3><span class=\"blurb-title\"><br \/>\nVISION ET INNOVATION<br \/>\n<\/span><\/h3>\n<p>Agir comme chefs de file de notre secteur en r\u00e9pondant de fa\u00e7on proactive aux besoins des clients.<\/p>\n<\/div>\n<div class=\"blurb\">\n<p><img decoding=\"async\" src=\"\/wp-content\/uploads\/2017\/02\/difference_icon5.png\" alt=\"\" \/><\/p>\n<h3><span class=\"blurb-title\"><br \/>\nCOLLABORATION ET TRAVAIL D\u2019\u00c9QUIPE<br \/>\n<\/span><\/h3>\n<p>Se traiter les uns les autres avec respect et coop\u00e9rer afin de tenir nos promesses.<\/p>\n<\/div>\n<div class=\"blurb\">\n<p><img decoding=\"async\" src=\"\/wp-content\/uploads\/2017\/02\/difference_icon6.png\" alt=\"\" \/><\/p>\n<h3><span class=\"blurb-title\"><br \/>\nINT\u00c9GRIT\u00c9 ET CONFIANCE<br \/>\n<\/span><\/h3>\n<p>Agir avec honn\u00eatet\u00e9, transparence et respect pour nos clients, nos fournisseurs et nos employ\u00e9s.<\/p>\n<\/div>\n<div class=\"blurb\">\n<p><img decoding=\"async\" src=\"\/wp-content\/uploads\/sites\/2\/2018\/04\/difference_icon7.png\" alt=\"\" \/><\/p>\n<h3><span class=\"blurb-title\"><br \/>\nFAMILLE ET MIEUX-\u00caTRE<br \/>\n<\/span><\/h3>\n<p>Cultiver l\u2019esprit de famille et favoriser la culture du divertissement.<\/p>\n<\/div>\n<div class=\"blurb\">\n<p><img decoding=\"async\" src=\"\/wp-content\/uploads\/sites\/2\/2018\/04\/difference_icon8.png\" alt=\"\" \/><\/p>\n<h3><span class=\"blurb-title\"><br \/>\nS\u00c9CURIT\u00c9 ET RESPONSABILIT\u00c9<br \/>\n<\/span><\/h3>\n<p>Assurer notre propre s\u00e9curit\u00e9 et celle de notre entourage.<\/p>\n<\/div>\n<\/div>\n<\/div>\n<\/section>\n","protected":false},"excerpt":{"rendered":"Notre exp\u00e9rience En fournissant des solutions de confinement de sites \u00e0 nos clients canadiens et am\u00e9ricains depuis 1996, nous nous sommes taill\u00e9s une r\u00e9putation de chef de file dans l\u2019industrie de la location de cl\u00f4tures. Les solutions de cl\u00f4tures temporaires que nous proposons continuent d\u2019atteindre et de surpasser les besoins de nos divers clients dans [&hellip;]","protected":false},"author":1,"featured_media":1183,"parent":0,"menu_order":0,"comment_status":"closed","ping_status":"closed","template":"","meta":{"inline_featured_image":false,"footnotes":""},"categories":[],"acf":[],"yoast_head":"<!-- This site is optimized with the Yoast SEO plugin v21.1 - https:\/\/yoast.com\/wordpress\/plugins\/seo\/ -->\n<title>\u00c0 propos de nous | Modu-Loc<\/title>\n<meta name=\"robots\" content=\"noindex, follow, max-snippet:-1, max-image-preview:large, max-video-preview:-1\" \/>\n<meta property=\"og:locale\" content=\"fr_CA\" \/>\n<meta property=\"og:type\" content=\"article\" \/>\n<meta property=\"og:title\" content=\"\u00c0 propos de nous | Modu-Loc\" \/>\n<meta property=\"og:description\" content=\"Notre exp\u00e9rience En fournissant des solutions de confinement de sites \u00e0 nos clients canadiens et am\u00e9ricains depuis 1996, nous nous sommes taill\u00e9s une r\u00e9putation de chef de file dans l\u2019industrie de la location de cl\u00f4tures. Les solutions de cl\u00f4tures temporaires que nous proposons continuent d\u2019atteindre et de surpasser les besoins de nos divers clients dans [&hellip;]\" \/>\n<meta property=\"og:url\" content=\"http:\/\/moduloccanada.jkmprojects.com\/fr\/a-propos-de-nous\/\" \/>\n<meta property=\"og:site_name\" content=\"Moduloc Canada\" \/>\n<meta property=\"article:modified_time\" content=\"2020-06-01T15:36:32+00:00\" \/>\n<meta property=\"og:image\" content=\"http:\/\/moduloccanada.jkmprojects.com\/wp-content\/uploads\/sites\/2\/2020\/03\/About-header-3.jpg\" \/>\n\t<meta property=\"og:image:width\" content=\"1800\" \/>\n\t<meta property=\"og:image:height\" content=\"700\" \/>\n\t<meta property=\"og:image:type\" content=\"image\/jpeg\" \/>\n<meta name=\"twitter:card\" content=\"summary_large_image\" \/>\n<meta name=\"twitter:label1\" content=\"Estimation du temps de lecture\" \/>\n\t<meta name=\"twitter:data1\" content=\"2 minutes\" \/>\n<script type=\"application\/ld+json\" class=\"yoast-schema-graph\">{\"@context\":\"https:\/\/schema.org\",\"@graph\":[{\"@type\":\"WebPage\",\"@id\":\"http:\/\/moduloccanada.jkmprojects.com\/fr\/a-propos-de-nous\/\",\"url\":\"http:\/\/moduloccanada.jkmprojects.com\/fr\/a-propos-de-nous\/\",\"name\":\"\u00c0 propos de nous | Modu-Loc\",\"isPartOf\":{\"@id\":\"http:\/\/moduloccanada.jkmprojects.com\/#website\"},\"datePublished\":\"2017-02-13T20:31:32+00:00\",\"dateModified\":\"2020-06-01T15:36:32+00:00\",\"breadcrumb\":{\"@id\":\"http:\/\/moduloccanada.jkmprojects.com\/fr\/a-propos-de-nous\/#breadcrumb\"},\"inLanguage\":\"fr-CA\",\"potentialAction\":[{\"@type\":\"ReadAction\",\"target\":[\"http:\/\/moduloccanada.jkmprojects.com\/fr\/a-propos-de-nous\/\"]}]},{\"@type\":\"BreadcrumbList\",\"@id\":\"http:\/\/moduloccanada.jkmprojects.com\/fr\/a-propos-de-nous\/#breadcrumb\",\"itemListElement\":[{\"@type\":\"ListItem\",\"position\":1,\"name\":\"Home\",\"item\":\"http:\/\/moduloccanada.jkmprojects.com\/fr\/\"},{\"@type\":\"ListItem\",\"position\":2,\"name\":\"\u00c0 propos de nous\"}]},{\"@type\":\"WebSite\",\"@id\":\"http:\/\/moduloccanada.jkmprojects.com\/#website\",\"url\":\"http:\/\/moduloccanada.jkmprojects.com\/\",\"name\":\"Moduloc Canada\",\"description\":\"Just another Moduloc Sites site\",\"potentialAction\":[{\"@type\":\"SearchAction\",\"target\":{\"@type\":\"EntryPoint\",\"urlTemplate\":\"http:\/\/moduloccanada.jkmprojects.com\/?s={search_term_string}\"},\"query-input\":\"required name=search_term_string\"}],\"inLanguage\":\"fr-CA\"}]}<\/script>\n<!-- \/ Yoast SEO plugin. -->","yoast_head_json":{"title":"\u00c0 propos de nous | Modu-Loc","robots":{"index":"noindex","follow":"follow","max-snippet":"max-snippet:-1","max-image-preview":"max-image-preview:large","max-video-preview":"max-video-preview:-1"},"og_locale":"fr_CA","og_type":"article","og_title":"\u00c0 propos de nous | Modu-Loc","og_description":"Notre exp\u00e9rience En fournissant des solutions de confinement de sites \u00e0 nos clients canadiens et am\u00e9ricains depuis 1996, nous nous sommes taill\u00e9s une r\u00e9putation de chef de file dans l\u2019industrie de la location de cl\u00f4tures. Les solutions de cl\u00f4tures temporaires que nous proposons continuent d\u2019atteindre et de surpasser les besoins de nos divers clients dans [&hellip;]","og_url":"http:\/\/moduloccanada.jkmprojects.com\/fr\/a-propos-de-nous\/","og_site_name":"Moduloc Canada","article_modified_time":"2020-06-01T15:36:32+00:00","og_image":[{"width":1800,"height":700,"url":"http:\/\/moduloccanada.jkmprojects.com\/wp-content\/uploads\/sites\/2\/2020\/03\/About-header-3.jpg","type":"image\/jpeg"}],"twitter_card":"summary_large_image","twitter_misc":{"Estimation du temps de lecture":"2 minutes"},"schema":{"@context":"https:\/\/schema.org","@graph":[{"@type":"WebPage","@id":"http:\/\/moduloccanada.jkmprojects.com\/fr\/a-propos-de-nous\/","url":"http:\/\/moduloccanada.jkmprojects.com\/fr\/a-propos-de-nous\/","name":"\u00c0 propos de nous | Modu-Loc","isPartOf":{"@id":"http:\/\/moduloccanada.jkmprojects.com\/#website"},"datePublished":"2017-02-13T20:31:32+00:00","dateModified":"2020-06-01T15:36:32+00:00","breadcrumb":{"@id":"http:\/\/moduloccanada.jkmprojects.com\/fr\/a-propos-de-nous\/#breadcrumb"},"inLanguage":"fr-CA","potentialAction":[{"@type":"ReadAction","target":["http:\/\/moduloccanada.jkmprojects.com\/fr\/a-propos-de-nous\/"]}]},{"@type":"BreadcrumbList","@id":"http:\/\/moduloccanada.jkmprojects.com\/fr\/a-propos-de-nous\/#breadcrumb","itemListElement":[{"@type":"ListItem","position":1,"name":"Home","item":"http:\/\/moduloccanada.jkmprojects.com\/fr\/"},{"@type":"ListItem","position":2,"name":"\u00c0 propos de nous"}]},{"@type":"WebSite","@id":"http:\/\/moduloccanada.jkmprojects.com\/#website","url":"http:\/\/moduloccanada.jkmprojects.com\/","name":"Moduloc Canada","description":"Just another Moduloc Sites site","potentialAction":[{"@type":"SearchAction","target":{"@type":"EntryPoint","urlTemplate":"http:\/\/moduloccanada.jkmprojects.com\/?s={search_term_string}"},"query-input":"required name=search_term_string"}],"inLanguage":"fr-CA"}]}},"_links":{"self":[{"href":"http:\/\/moduloccanada.jkmprojects.com\/fr\/wp-json\/wp\/v2\/pages\/1646"}],"collection":[{"href":"http:\/\/moduloccanada.jkmprojects.com\/fr\/wp-json\/wp\/v2\/pages"}],"about":[{"href":"http:\/\/moduloccanada.jkmprojects.com\/fr\/wp-json\/wp\/v2\/types\/page"}],"author":[{"embeddable":true,"href":"http:\/\/moduloccanada.jkmprojects.com\/fr\/wp-json\/wp\/v2\/users\/1"}],"replies":[{"embeddable":true,"href":"http:\/\/moduloccanada.jkmprojects.com\/fr\/wp-json\/wp\/v2\/comments?post=1646"}],"version-history":[{"count":11,"href":"http:\/\/moduloccanada.jkmprojects.com\/fr\/wp-json\/wp\/v2\/pages\/1646\/revisions"}],"predecessor-version":[{"id":2536,"href":"http:\/\/moduloccanada.jkmprojects.com\/fr\/wp-json\/wp\/v2\/pages\/1646\/revisions\/2536"}],"wp:featuredmedia":[{"embeddable":true,"href":"http:\/\/moduloccanada.jkmprojects.com\/fr\/wp-json\/wp\/v2\/media\/1183"}],"wp:attachment":[{"href":"http:\/\/moduloccanada.jkmprojects.com\/fr\/wp-json\/wp\/v2\/media?parent=1646"}],"wp:term":[{"taxonomy":"category","embeddable":true,"href":"http:\/\/moduloccanada.jkmprojects.com\/fr\/wp-json\/wp\/v2\/categories?post=1646"}],"curies":[{"name":"wp","href":"https:\/\/api.w.org\/{rel}","templated":true}]}}