{"id":1410,"date":"2020-03-03T22:01:51","date_gmt":"2020-03-03T22:01:51","guid":{"rendered":"http:\/\/ca.moduloc2020.com\/?page_id=1410"},"modified":"2021-11-30T16:30:15","modified_gmt":"2021-11-30T16:30:15","slug":"solutions-de-clotures-robustes-et-fiables-nimporte-ou-nimporte-quand","status":"publish","type":"page","link":"http:\/\/moduloccanada.jkmprojects.com\/fr\/","title":{"rendered":"Solutions de cl\u00f4tures robustes et fiables. n\u2019importe o\u00f9. n\u2019importe quand."},"content":{"rendered":"<section class=\"panelcallout\">\n<div class=\"full-bleed\">\n<div class=\"cont-holder\">\n<div class=\"gutter\">\n<h2>Avez-vous besoin d&rsquo;aide pour choisir le produit le plus adapt\u00e9?<\/h2>\n<p>Nous avons un certain nombre d&rsquo;options de cl\u00f4tures diff\u00e9rentes parmi lesquelles choisir. Le bon choix pour vous n&rsquo;est peut-\u00eatre pas \u00e9vident. Ce n&rsquo;est pas grave &#8211; notre outil de recommandation de produits peut vous aider. R\u00e9pondez simplement \u00e0 quelques questions rapides et nous pourrons vous orienter dans la bonne direction.<\/p>\n<div class=\"btn btn-orange\" role=\"button\"><a href=\"\/fr\/recommandation-de-produit\/\" tabindex=\"0\" role=\"button\">Outil de recommandation de produits <img decoding=\"async\" alt=\"\" src=\"\/wp-content\/themes\/moduloc\/images\/btnArrowDark.png\"><\/a><\/div>\n<\/p><\/div>\n<\/p><\/div>\n<\/p><\/div>\n<\/section>\n<section class=\"home-products\">\n<div class=\"full-bleed\">\n<div class=\"cont-holder\">\n<div class=\"gutter\">\n<h2>Produits de cl\u00f4ture pour tous vos besoins<\/h2>\n<div class=\"tile home-products-tile\"><a href=\"\/fr\/types-dinstallation\/construction-products\/\"><img decoding=\"async\" class=\"alignnone\" src=\"\/wp-content\/uploads\/2017\/05\/Construction-Banner-1.jpg\" alt=\"\" \/><\/a><\/p>\n<div class=\"menu_label\">POUR LA CONSTRUCTION<img decoding=\"async\" class=\"tile-arrow\" src=\"http:\/\/moduloc.ca\/wp-content\/themes\/moduloc\/images\/btnArrow.png\" alt=\"\" \/><\/div>\n<\/div>\n<div class=\"tile home-products-tile last\"><a href=\"\/fr\/types-dinstallation\/evenements\/\"><img decoding=\"async\" class=\"alignnone\" src=\"\/wp-content\/uploads\/2017\/03\/0-Home-Our-Products-Events.jpg\" alt=\"\" \/><\/a><\/p>\n<div class=\"menu_label\">POUR DES \u00c9V\u00c9NEMENTS <img decoding=\"async\" class=\"tile-arrow\" src=\"http:\/\/moduloc.ca\/wp-content\/themes\/moduloc\/images\/btnArrow.png\" alt=\"\" \/><\/div>\n<\/div>\n<div class=\"btn-text-holder\">\n<p class=\"btn-text-block\">Nos syst\u00e8mes de cl\u00f4tures sup\u00e9rieurs peuvent \u00eatre personnalis\u00e9s pour r\u00e9pondre \u00e0 toutes les exigences de votre site.<\/p>\n<div class=\"btn btn-orange\"><a href=\"\/fr\/products\">VOIR TOUS LES PRODUITS<img decoding=\"async\" src=\"\/wp-content\/uploads\/2017\/02\/btnArrowDark.png\" alt=\"\" \/><\/a><\/div>\n<\/div>\n<\/div>\n<\/div>\n<\/div>\n<\/section>\n<section class=\"page-divider-instalation\">\n<div class=\"full-bleed hero-screen\">\n<div class=\"cont-holder\">\n<div class=\"gutter page-divider-content\">\n<h2>Exp\u00e9rience des nombreux types d\u2019installation<\/h2>\n<p>Notre vaste exp\u00e9rience de l\u2019installation de syst\u00e8mes de cl\u00f4tures temporaires dans diverses configurations fait en sorte que nous pouvons r\u00e9pondre \u00e0 vos besoins particuliers. D\u00e9couvrez les diff\u00e9rents types d\u2019installations que nous pouvons vous proposer.<\/p>\n<div class=\"btn btn-orange\"><a href=\"\/fr\/types-dinstallation\/\">VOIR TOUS LES TYPES D\u2019INSTALLATION<img decoding=\"async\" src=\"\/wp-content\/uploads\/2017\/02\/btnArrowDark.png\" alt=\"\" \/><\/a><\/div>\n<\/div>\n<\/div>\n<\/div>\n<\/section>\n<section class=\"full-bleed home-difference\">\n<div class=\"cont-holder\">\n<h2>La diff\u00e9rence Modu-Loc<\/h2>\n<div class=\"tile-holder gutter\">\n<div class=\"blurb\">\n<p><img decoding=\"async\" src=\"\/wp-content\/uploads\/2017\/02\/difference_icon1.png\" alt=\"\" \/><\/p>\n<h3><span class=\"blurb-title\">SERVICE \u00c0 LA CLIENT\u00c8LE EXCEPTIONNEL<\/span><\/h3>\n<p>Nous nous engageons \u00e0 fournir un soutien total, y compris un temps de r\u00e9ponse en 24 heures, des syst\u00e8mes de cl\u00f4tures de qualit\u00e9, des conseils \u00e9clair\u00e9s et une installation s\u00e9curitaire.<\/p>\n<\/div>\n<div class=\"blurb\">\n<p><img decoding=\"async\" src=\"\/wp-content\/uploads\/2017\/02\/difference_icon2.png\" alt=\"\" \/><\/p>\n<h3><span class=\"blurb-title\">EXPERTISE SUR LE PLAN DES EXIGENCES DE S\u00c9CURIT\u00c9<\/span><\/h3>\n<p>Comprendre ce dont vous avez besoin pour r\u00e9pondre aux exigences de s\u00e9curit\u00e9 de l\u2019industrie est notre priorit\u00e9. Voil\u00e0 pourquoi nos sp\u00e9cialistes suivent la formation la plus approfondie dans l\u2019industrie.<\/p>\n<\/div>\n<div class=\"blurb\">\n<p><img decoding=\"async\" src=\"\/wp-content\/uploads\/2017\/02\/difference_icon3.png\" alt=\"\" \/><\/p>\n<h3><span class=\"blurb-title\">SOLUTIONS DE CL\u00d4TURES INNOVANTES<\/span><\/h3>\n<p>Nous sommes en t\u00eate en ce qui concerne les nouveaux produits innovants que nous proposons pour nos syst\u00e8mes de cl\u00f4tures \u2013 ce n\u2019est qu\u2019une des fa\u00e7ons dont nous r\u00e9pondons aux besoins des clients.<\/p>\n<\/div>\n<div class=\"btn-text-holder\">\n<p class=\"btn-text-block\">Nous pouvons garantir une location exempte de stress. Voyez ce qui nous d\u00e9marque.<\/p>\n<div class=\"btn btn-orange\"><a href=\"\/fr\/our-service\/\">NOTRE SERVICE <img decoding=\"async\" src=\"\/wp-content\/uploads\/2017\/02\/btnArrowDark.png\" alt=\"\" \/><\/a><\/div>\n<\/div>\n<\/div>\n<\/div>\n<\/section>\n","protected":false},"excerpt":{"rendered":"Fier d\u2019\u00eatre nomm\u00e9 laur\u00e9at du Club Platine 2020 des Soci\u00e9t\u00e9s les mieux g\u00e9r\u00e9es au Canada.","protected":false},"author":1,"featured_media":2712,"parent":0,"menu_order":0,"comment_status":"closed","ping_status":"closed","template":"page.php","meta":{"inline_featured_image":false,"footnotes":""},"categories":[],"acf":[],"yoast_head":"<!-- This site is optimized with the Yoast SEO plugin v21.1 - https:\/\/yoast.com\/wordpress\/plugins\/seo\/ -->\n<title>Solutions de cl\u00f4tures robustes et fiables. n\u2019importe o\u00f9. n\u2019importe quand. - Moduloc Canada<\/title>\n<meta name=\"robots\" content=\"noindex, follow, max-snippet:-1, max-image-preview:large, max-video-preview:-1\" \/>\n<meta property=\"og:locale\" content=\"fr_CA\" \/>\n<meta property=\"og:type\" content=\"article\" \/>\n<meta property=\"og:title\" content=\"Solutions de cl\u00f4tures robustes et fiables. n\u2019importe o\u00f9. n\u2019importe quand. - Moduloc Canada\" \/>\n<meta property=\"og:description\" content=\"Fier d\u2019\u00eatre nomm\u00e9 laur\u00e9at du Club Platine 2020 des Soci\u00e9t\u00e9s les mieux g\u00e9r\u00e9es au Canada.\" \/>\n<meta property=\"og:url\" content=\"http:\/\/moduloccanada.jkmprojects.com\/fr\/\" \/>\n<meta property=\"og:site_name\" content=\"Moduloc Canada\" \/>\n<meta property=\"article:modified_time\" content=\"2021-11-30T16:30:15+00:00\" \/>\n<meta property=\"og:image\" content=\"http:\/\/moduloccanada.jkmprojects.com\/wp-content\/uploads\/sites\/2\/2021\/02\/Homepage-image-1024x768.jpg\" \/>\n\t<meta property=\"og:image:width\" content=\"1024\" \/>\n\t<meta property=\"og:image:height\" content=\"768\" \/>\n\t<meta property=\"og:image:type\" content=\"image\/jpeg\" \/>\n<meta name=\"twitter:card\" content=\"summary_large_image\" \/>\n<meta name=\"twitter:label1\" content=\"Estimation du temps de lecture\" \/>\n\t<meta name=\"twitter:data1\" content=\"2 minutes\" \/>\n<script type=\"application\/ld+json\" class=\"yoast-schema-graph\">{\"@context\":\"https:\/\/schema.org\",\"@graph\":[{\"@type\":\"WebPage\",\"@id\":\"http:\/\/moduloccanada.jkmprojects.com\/fr\/\",\"url\":\"http:\/\/moduloccanada.jkmprojects.com\/fr\/\",\"name\":\"Solutions de cl\u00f4tures robustes et fiables. n\u2019importe o\u00f9. n\u2019importe quand. - Moduloc Canada\",\"isPartOf\":{\"@id\":\"http:\/\/moduloccanada.jkmprojects.com\/#website\"},\"datePublished\":\"2020-03-03T22:01:51+00:00\",\"dateModified\":\"2021-11-30T16:30:15+00:00\",\"breadcrumb\":{\"@id\":\"http:\/\/moduloccanada.jkmprojects.com\/fr\/#breadcrumb\"},\"inLanguage\":\"fr-CA\",\"potentialAction\":[{\"@type\":\"ReadAction\",\"target\":[\"http:\/\/moduloccanada.jkmprojects.com\/fr\/\"]}]},{\"@type\":\"BreadcrumbList\",\"@id\":\"http:\/\/moduloccanada.jkmprojects.com\/fr\/#breadcrumb\",\"itemListElement\":[{\"@type\":\"ListItem\",\"position\":1,\"name\":\"Home\",\"item\":\"http:\/\/moduloccanada.jkmprojects.com\/fr\/\"},{\"@type\":\"ListItem\",\"position\":2,\"name\":\"Solutions de cl\u00f4tures robustes et fiables. n\u2019importe o\u00f9. n\u2019importe quand.\"}]},{\"@type\":\"WebSite\",\"@id\":\"http:\/\/moduloccanada.jkmprojects.com\/#website\",\"url\":\"http:\/\/moduloccanada.jkmprojects.com\/\",\"name\":\"Moduloc Canada\",\"description\":\"Just another Moduloc Sites site\",\"potentialAction\":[{\"@type\":\"SearchAction\",\"target\":{\"@type\":\"EntryPoint\",\"urlTemplate\":\"http:\/\/moduloccanada.jkmprojects.com\/?s={search_term_string}\"},\"query-input\":\"required name=search_term_string\"}],\"inLanguage\":\"fr-CA\"}]}<\/script>\n<!-- \/ Yoast SEO plugin. -->","yoast_head_json":{"title":"Solutions de cl\u00f4tures robustes et fiables. n\u2019importe o\u00f9. n\u2019importe quand. - Moduloc Canada","robots":{"index":"noindex","follow":"follow","max-snippet":"max-snippet:-1","max-image-preview":"max-image-preview:large","max-video-preview":"max-video-preview:-1"},"og_locale":"fr_CA","og_type":"article","og_title":"Solutions de cl\u00f4tures robustes et fiables. n\u2019importe o\u00f9. n\u2019importe quand. - Moduloc Canada","og_description":"Fier d\u2019\u00eatre nomm\u00e9 laur\u00e9at du Club Platine 2020 des Soci\u00e9t\u00e9s les mieux g\u00e9r\u00e9es au Canada.","og_url":"http:\/\/moduloccanada.jkmprojects.com\/fr\/","og_site_name":"Moduloc Canada","article_modified_time":"2021-11-30T16:30:15+00:00","og_image":[{"width":1024,"height":768,"url":"http:\/\/moduloccanada.jkmprojects.com\/wp-content\/uploads\/sites\/2\/2021\/02\/Homepage-image-1024x768.jpg","type":"image\/jpeg"}],"twitter_card":"summary_large_image","twitter_misc":{"Estimation du temps de lecture":"2 minutes"},"schema":{"@context":"https:\/\/schema.org","@graph":[{"@type":"WebPage","@id":"http:\/\/moduloccanada.jkmprojects.com\/fr\/","url":"http:\/\/moduloccanada.jkmprojects.com\/fr\/","name":"Solutions de cl\u00f4tures robustes et fiables. n\u2019importe o\u00f9. n\u2019importe quand. - Moduloc Canada","isPartOf":{"@id":"http:\/\/moduloccanada.jkmprojects.com\/#website"},"datePublished":"2020-03-03T22:01:51+00:00","dateModified":"2021-11-30T16:30:15+00:00","breadcrumb":{"@id":"http:\/\/moduloccanada.jkmprojects.com\/fr\/#breadcrumb"},"inLanguage":"fr-CA","potentialAction":[{"@type":"ReadAction","target":["http:\/\/moduloccanada.jkmprojects.com\/fr\/"]}]},{"@type":"BreadcrumbList","@id":"http:\/\/moduloccanada.jkmprojects.com\/fr\/#breadcrumb","itemListElement":[{"@type":"ListItem","position":1,"name":"Home","item":"http:\/\/moduloccanada.jkmprojects.com\/fr\/"},{"@type":"ListItem","position":2,"name":"Solutions de cl\u00f4tures robustes et fiables. n\u2019importe o\u00f9. n\u2019importe quand."}]},{"@type":"WebSite","@id":"http:\/\/moduloccanada.jkmprojects.com\/#website","url":"http:\/\/moduloccanada.jkmprojects.com\/","name":"Moduloc Canada","description":"Just another Moduloc Sites site","potentialAction":[{"@type":"SearchAction","target":{"@type":"EntryPoint","urlTemplate":"http:\/\/moduloccanada.jkmprojects.com\/?s={search_term_string}"},"query-input":"required name=search_term_string"}],"inLanguage":"fr-CA"}]}},"_links":{"self":[{"href":"http:\/\/moduloccanada.jkmprojects.com\/fr\/wp-json\/wp\/v2\/pages\/1410"}],"collection":[{"href":"http:\/\/moduloccanada.jkmprojects.com\/fr\/wp-json\/wp\/v2\/pages"}],"about":[{"href":"http:\/\/moduloccanada.jkmprojects.com\/fr\/wp-json\/wp\/v2\/types\/page"}],"author":[{"embeddable":true,"href":"http:\/\/moduloccanada.jkmprojects.com\/fr\/wp-json\/wp\/v2\/users\/1"}],"replies":[{"embeddable":true,"href":"http:\/\/moduloccanada.jkmprojects.com\/fr\/wp-json\/wp\/v2\/comments?post=1410"}],"version-history":[{"count":17,"href":"http:\/\/moduloccanada.jkmprojects.com\/fr\/wp-json\/wp\/v2\/pages\/1410\/revisions"}],"predecessor-version":[{"id":3374,"href":"http:\/\/moduloccanada.jkmprojects.com\/fr\/wp-json\/wp\/v2\/pages\/1410\/revisions\/3374"}],"wp:featuredmedia":[{"embeddable":true,"href":"http:\/\/moduloccanada.jkmprojects.com\/fr\/wp-json\/wp\/v2\/media\/2712"}],"wp:attachment":[{"href":"http:\/\/moduloccanada.jkmprojects.com\/fr\/wp-json\/wp\/v2\/media?parent=1410"}],"wp:term":[{"taxonomy":"category","embeddable":true,"href":"http:\/\/moduloccanada.jkmprojects.com\/fr\/wp-json\/wp\/v2\/categories?post=1410"}],"curies":[{"name":"wp","href":"https:\/\/api.w.org\/{rel}","templated":true}]}}